{"id":175,"date":"2012-08-23T11:10:32","date_gmt":"2012-08-23T08:10:32","guid":{"rendered":"http:\/\/whm09.louhi.net\/~budokwai\/taekwondo\/wp\/?page_id=175"},"modified":"2025-08-14T15:47:54","modified_gmt":"2025-08-14T12:47:54","slug":"hinnasto","status":"publish","type":"page","link":"https:\/\/www.staging4.budokwai.fi\/taekwondo\/hinnasto\/","title":{"rendered":"Hinnasto"},"content":{"rendered":"\n<div class=\"wp-block-greenshift-blocks-row gspb_row gspb_row-id-gsbp-e9d7768\" id=\"gspb_row-id-gsbp-e9d7768\"><div class=\"gspb_row__content\">  <\/div><\/div>\n\n\n\n<div class=\"wp-block-greenshift-blocks-row gspb_row gspb_row-id-gsbp-ac260bf\" id=\"gspb_row-id-gsbp-ac260bf\"><div class=\"gspb_row__content\"> \n<div class=\"wp-block-greenshift-blocks-row-column gspb_row__col--6 gspb_col-id-gsbp-f5730d2\" id=\"gspb_col-id-gsbp-f5730d2\">\n<h5 id=\"gspb_heading-id-gsbp-6fd3946\" class=\"gspb_heading gspb_heading-id-gsbp-6fd3946 \">J\u00e4senmaksu<\/h5>\n\n\n\n<div id=\"gspb_text-id-gsbp-1665da8\" class=\"gspb_text gspb_text-id-gsbp-1665da8 \">10\u20ac \/ kalenterivuosi<br><br><\/div>\n\n\n\n<h5 class=\"wp-block-heading\" id=\"kausimaksut\">Kausimaksut <\/h5>\n\n\n\n<p><strong>Kev\u00e4tkausi 1.1.-30.6.2025 ja syyskausi 1.7.-31.12.2025<\/strong><\/p>\n\n\n\n<ul class=\"wp-block-list\">\n<li><strong>4\u20136-vuotiaat (tkd-liikkari ja 1\u20136-v. perheryhm\u00e4):<\/strong> 135 \u20ac\/kausi<\/li>\n\n\n\n<li><strong>6-17-vuotiaat ja opiskelijat:<\/strong> 220 \u20ac\/kausi<\/li>\n\n\n\n<li><strong>Yli 18-vuotiaat:<\/strong> 270 \u20ac\/kausi<br><br><\/li>\n\n\n\n<li><em>Perhealennus ensimm\u00e4isen normaalihintaisen j\u00e4lkeen 10 % toiselle perheenj\u00e4senelle, 20 % kolmannelle perheenj\u00e4senelle jne. Perhealennusta ei huomioida jo alennetussa opiskelijahinnassa.<\/em><\/li>\n\n\n\n<li><em>Kausimaksu maksetaan kerralla, tai halutessaan 2-3 er\u00e4ss\u00e4, jolloin laskutuslis\u00e4 on 5 \u20ac\/er\u00e4. Er\u00e4maksuista tulee sopia ennen laskun l\u00e4hett\u00e4mist\u00e4 ottamalla yhteytt\u00e4 laskut@budokwai.fi.<\/em><\/li>\n\n\n\n<li><em>Kausimaksu sis\u00e4lt\u00e4\u00e4 kaikki voimassa olevan aikataulun harjoitukset ik\u00e4- ja tasovaatimukset huomioiden, lukuun ottamatta kilparyhm\u00e4n harjoituksia.<\/em><\/li>\n<\/ul>\n<\/div>\n\n\n\n<div class=\"wp-block-greenshift-blocks-row-column gspb_row__col--6 gspb_col-id-gsbp-3d2b7db\" id=\"gspb_col-id-gsbp-3d2b7db\">\n<h5 class=\"wp-block-heading\" id=\"vain-perhetaekwondon-harjoitukset\">Vain perhetaekwondon harjoitukset<\/h5>\n\n\n\n<ul class=\"wp-block-list\">\n<li><strong>1\u20136-vuotiaat:<\/strong> 70 \u20ac\/kausi\/lapsi<br><br><\/li>\n\n\n\n<li><em>Perhealennus ensimm\u00e4isen normaalihintaisen lapsen j\u00e4lkeen 50 %<\/em><\/li>\n\n\n\n<li><em>Kausimaksua maksavien perheenj\u00e4senille alennus jo ensimm\u00e4isest\u00e4 lapsesta 50%<\/em><\/li>\n\n\n\n<li><em>Aikuiset maksavat vain j\u00e4senmaksun 10 \u20ac\/kalenterivuosi<\/em><\/li>\n<\/ul>\n\n\n\n<h5 class=\"wp-block-heading\" id=\"vain-kouluryhman-harjoitukset\">Vain kouluryhm\u00e4n harjoitukset <\/h5>\n\n\n\n<ul class=\"wp-block-list\">\n<li><strong>1 kouluryhm\u00e4:<\/strong> 89 \u20ac\/kausi<\/li>\n\n\n\n<li><strong>1 kouluryhm\u00e4: <\/strong>160 \u20ac\/koko vuosi<\/li>\n\n\n\n<li><strong>2 kouluryhm\u00e4\u00e4:<\/strong> 129 \u20ac\/kausi<\/li>\n\n\n\n<li><strong>2 kouluryhm\u00e4\u00e4:<\/strong> 240 \u20ac\/koko vuosi<br><br><\/li>\n\n\n\n<li><em>Kouluryhmien harjoituksiin voi osallistua my\u00f6s kausimaksulla sek\u00e4 10-kortilla<\/em><\/li>\n<\/ul>\n\n\n\n<h5 class=\"wp-block-heading\" id=\"kertamaksukortit\">Kertamaksukortit<\/h5>\n\n\n\n<ul class=\"wp-block-list\">\n<li>10-kortti \/ 100 \u20ac, k\u00e4ytt\u00f6aikaa vuosi aktivoinnista<\/li>\n<\/ul>\n<\/div>\n <\/div><\/div>\n\n\n\n<figure class=\"wp-block-image aligncenter size-large is-resized\"><a href=\"https:\/\/www.turku.fi\/boostii\"><img loading=\"lazy\" decoding=\"async\" width=\"800\" height=\"796\" src=\"https:\/\/www.staging4.budokwai.fi\/taekwondo\/wp-content\/uploads\/2025\/01\/IMG-20250106-WA0005-800x796.jpg\" alt=\"\" class=\"wp-image-11090\" style=\"width:251px;height:auto\" srcset=\"https:\/\/www.staging4.budokwai.fi\/taekwondo\/wp-content\/uploads\/2025\/01\/IMG-20250106-WA0005-800x796.jpg 800w, https:\/\/www.staging4.budokwai.fi\/taekwondo\/wp-content\/uploads\/2025\/01\/IMG-20250106-WA0005-400x398.jpg 400w, https:\/\/www.staging4.budokwai.fi\/taekwondo\/wp-content\/uploads\/2025\/01\/IMG-20250106-WA0005-200x200.jpg 200w, https:\/\/www.staging4.budokwai.fi\/taekwondo\/wp-content\/uploads\/2025\/01\/IMG-20250106-WA0005-768x764.jpg 768w, https:\/\/www.staging4.budokwai.fi\/taekwondo\/wp-content\/uploads\/2025\/01\/IMG-20250106-WA0005-300x300.jpg 300w, https:\/\/www.staging4.budokwai.fi\/taekwondo\/wp-content\/uploads\/2025\/01\/IMG-20250106-WA0005-125x125.jpg 125w, https:\/\/www.staging4.budokwai.fi\/taekwondo\/wp-content\/uploads\/2025\/01\/IMG-20250106-WA0005.jpg 1170w\" sizes=\"auto, (max-width: 800px) 100vw, 800px\" \/><\/a><\/figure>\n\n\n\n<div class=\"wp-block-greenshift-blocks-row gspb_row gspb_row-id-gsbp-f151fcc\" id=\"gspb_row-id-gsbp-f151fcc\"><div class=\"gspb_row__content\"> \n<div class=\"wp-block-greenshift-blocks-row-column gspb_row__col--6 gspb_col-id-gsbp-0a5cc12\" id=\"gspb_col-id-gsbp-0a5cc12\">\n<h5 class=\"wp-block-heading\" id=\"suomen-taekwondoliitto\">Suomen Taekwondoliitto<\/h5>\n\n\n\n<p>Lisenssi antaa osallistumisoikeuden Taekwondoliiton alaisiin leireihin, kilpailuihin ja tapahtumiin. Lisenssin hankinta on vapaaehtoista, mutta suositeltavaa. Lisenssin oston yhteydess\u00e4 voi halutessaan ostaa Sporttiturva urheiluvakuutuksen. <\/p>\n\n\n\n<p>Huomioittehan, ettei Budokwai Taekwondo ole vakuuttanut j\u00e4seni\u00e4\u00e4n. Lis\u00e4tietoja lisenssist\u00e4 ja vakuutuksesta osoitteesta: <a href=\"https:\/\/www.suomentaekwondoliitto.fi\/liitto\/lajilisenssi\/\" target=\"_blank\" rel=\"noreferrer noopener\">https:\/\/www.suomentaekwondoliitto.fi\/liitto\/lajilisenssi\/<\/a><\/p>\n<\/div>\n\n\n\n<div class=\"wp-block-greenshift-blocks-row-column gspb_row__col--6 gspb_col-id-gsbp-7a594a6\" id=\"gspb_col-id-gsbp-7a594a6\">\n<h5 class=\"wp-block-heading\" id=\"varusteet\">Varusteet<\/h5>\n\n\n\n<p>Seuramme tiloissa on kahvila ja asiakaspalvelupiste, jossa on myynniss\u00e4 taekwondopukuja ja varusteita. Myynnist\u00e4 l\u00f6yd\u00e4t kaiken taekwondoharjoitteluun tarvittavan. Asiakaspalvelupiste aukeaa iltap\u00e4iv\u00e4ll\u00e4 ensimm\u00e4isen harjoituksen alkaessa ja sulkeutuu illan viimeisen harjoituksen aikana. <\/p>\n\n\n\n<p>Kes\u00e4aikana aukiolo vaihtelee, joten asian voi tarvittaessa varmistaa osoitteesta taekwondo@budokwai.fi.<\/p>\n<\/div>\n <\/div><\/div>\n\n\n\n<div class=\"wp-block-greenshift-blocks-row gspb_row gspb_row-id-gsbp-240c8b1\" id=\"gspb_row-id-gsbp-240c8b1\"><div class=\"gspb_row__content\"> \n<div class=\"wp-block-greenshift-blocks-row-column gspb_row__col--12 gspb_col-id-gsbp-bdba388\" id=\"gspb_col-id-gsbp-bdba388\">\n<h5 class=\"wp-block-heading\" id=\"harrastuksen-lopettaminen\">Harrastuksen lopettaminen<\/h5>\n\n\n\n<p>Harrastajalta laskutetaan automaattisesti j\u00e4senmaksu kalenterivuosittain ja harjoitusmaksu kausittain, ellei h\u00e4n tai alaik\u00e4isen j\u00e4senen huoltaja ilmoita harrastuksen lopettamisesta s\u00e4hk\u00f6postitse osoitteeseen laskut@budokwai.fi. Lopettamisesta tulee ilmoittaa ennen seuraavan laskutuskauden alkua. Jo l\u00e4hetetyist\u00e4 j\u00e4sen- ja kausimaksuista, jotka perutaan ennen laskuissa olevaa er\u00e4p\u00e4iv\u00e4\u00e4, perimme laskutuslis\u00e4n 5 \u20ac\/lasku. K\u00e4yt\u00f6ss\u00e4mme on Visma perint\u00e4palvelu, joka hoitaa er\u00e4\u00e4ntyneiden laskujen perimisen. J\u00e4sen- ja kausimaksua ei palauteta, mik\u00e4li harrastaja lopettaa kesken kauden.<\/p>\n<\/div>\n <\/div><\/div>\n\n\n\n<p><\/p>\n","protected":false},"excerpt":{"rendered":"","protected":false},"author":2,"featured_media":0,"parent":0,"menu_order":0,"comment_status":"closed","ping_status":"open","template":"","meta":{"_gspb_post_css":"#gspb_row-id-gsbp-ac260bf,#gspb_row-id-gsbp-e9d7768{justify-content:space-between;margin-top:0;display:flex;flex-wrap:wrap;margin-bottom:0}#gspb_row-id-gsbp-ac260bf>.gspb_row__content,#gspb_row-id-gsbp-e9d7768>.gspb_row__content{display:flex;justify-content:space-between;margin:0 auto;width:100%;flex-wrap:wrap}div[id^=gspb_col-id]{box-sizing:border-box;position:relative;padding:var(--gs-row-column-padding, 15px min(3vw, 20px))}body.gspb-bodyfront #gspb_row-id-gsbp-ac260bf>.gspb_row__content,body.gspb-bodyfront #gspb_row-id-gsbp-e9d7768>.gspb_row__content{width:var(--theme-container-width, 1200px);max-width:var(--theme-normal-container-max-width, 1200px)}#gspb_row-id-gsbp-ac260bf{margin-bottom:24px;background-color:#a8c6e300}#gspb_col-id-gsbp-f5730d2.gspb_row__col--6{width:50%}@media (max-width:575.98px){#gspb_col-id-gsbp-f5730d2.gspb_row__col--6{width:100%}}#gspb_heading-id-gsbp-6fd3946{margin-bottom:0}.gspb_text-id-gsbp-1665da8{margin-bottom:0!important}#gspb_col-id-gsbp-3d2b7db.gspb_row__col--6{width:50%}@media (max-width:575.98px){#gspb_col-id-gsbp-3d2b7db.gspb_row__col--6{width:100%}}#gspb_row-id-gsbp-240c8b1,#gspb_row-id-gsbp-f151fcc,#gspb_row-id-gsbp-f151fcc>.gspb_row__content{justify-content:space-between;display:flex;flex-wrap:wrap}#gspb_row-id-gsbp-f151fcc{margin:16px;background-color:var(--wp--preset--color--palette-color-3, var(--theme-palette-color-3, #a8c6e3))}#gspb_row-id-gsbp-f151fcc>.gspb_row__content{margin:0 auto;width:100%}.gspb_row{position:relative}#gspb_row-id-gsbp-f151fcc,#gspb_row-id-gsbp-f151fcc>.gspb_backgroundOverlay{border-top-left-radius:16px;border-top-right-radius:16px;border-bottom-right-radius:16px;border-bottom-left-radius:16px}#gspb_col-id-gsbp-0a5cc12.gspb_row__col--6{width:50%}@media (max-width:575.98px){#gspb_col-id-gsbp-0a5cc12.gspb_row__col--6{width:100%}}#gspb_col-id-gsbp-7a594a6.gspb_row__col--6{width:50%}@media (max-width:575.98px){#gspb_col-id-gsbp-7a594a6.gspb_row__col--6{width:100%}}#gspb_row-id-gsbp-240c8b1{margin-top:0;margin-bottom:0}#gspb_row-id-gsbp-240c8b1>.gspb_row__content{display:flex;justify-content:space-between;margin:0 auto;width:100%;flex-wrap:wrap}body.gspb-bodyfront #gspb_row-id-gsbp-240c8b1>.gspb_row__content,body.gspb-bodyfront #gspb_row-id-gsbp-f151fcc>.gspb_row__content{width:var(--theme-container-width, 1200px);max-width:var(--theme-normal-container-max-width, 1200px)}#gspb_col-id-gsbp-bdba388.gspb_row__col--12{width:100%}@media (max-width:575.98px){#gspb_col-id-gsbp-bdba388.gspb_row__col--12{width:100%}}","footnotes":""},"class_list":["post-175","page","type-page","status-publish","hentry"],"blocksy_meta":[],"jetpack_shortlink":"https:\/\/wp.me\/P2Mq3v-2P","jetpack_sharing_enabled":true,"_links":{"self":[{"href":"https:\/\/www.staging4.budokwai.fi\/taekwondo\/wp-json\/wp\/v2\/pages\/175","targetHints":{"allow":["GET"]}}],"collection":[{"href":"https:\/\/www.staging4.budokwai.fi\/taekwondo\/wp-json\/wp\/v2\/pages"}],"about":[{"href":"https:\/\/www.staging4.budokwai.fi\/taekwondo\/wp-json\/wp\/v2\/types\/page"}],"author":[{"embeddable":true,"href":"https:\/\/www.staging4.budokwai.fi\/taekwondo\/wp-json\/wp\/v2\/users\/2"}],"replies":[{"embeddable":true,"href":"https:\/\/www.staging4.budokwai.fi\/taekwondo\/wp-json\/wp\/v2\/comments?post=175"}],"version-history":[{"count":105,"href":"https:\/\/www.staging4.budokwai.fi\/taekwondo\/wp-json\/wp\/v2\/pages\/175\/revisions"}],"predecessor-version":[{"id":11826,"href":"https:\/\/www.staging4.budokwai.fi\/taekwondo\/wp-json\/wp\/v2\/pages\/175\/revisions\/11826"}],"wp:attachment":[{"href":"https:\/\/www.staging4.budokwai.fi\/taekwondo\/wp-json\/wp\/v2\/media?parent=175"}],"curies":[{"name":"wp","href":"https:\/\/api.w.org\/{rel}","templated":true}]}}