{"id":178,"date":"2012-08-23T11:13:06","date_gmt":"2012-08-23T08:13:06","guid":{"rendered":"http:\/\/whm09.louhi.net\/~budokwai\/taekwondo\/wp\/?page_id=178"},"modified":"2025-07-07T16:22:05","modified_gmt":"2025-07-07T13:22:05","slug":"seura","status":"publish","type":"page","link":"https:\/\/www.staging4.budokwai.fi\/taekwondo\/seura\/","title":{"rendered":"Seura"},"content":{"rendered":"\n<h2 id=\"gspb_heading-id-gsbp-90a02fe\" class=\"gspb_heading gspb_heading-id-gsbp-90a02fe \">Budokwai Taekwondo<\/h2>\n\n\n\n<div class=\"wp-block-greenshift-blocks-row gspb_row gspb_row-id-gsbp-231b6b4\" id=\"gspb_row-id-gsbp-231b6b4\"><div class=\"gspb_row__content\"> \n<div class=\"wp-block-greenshift-blocks-row-column gspb_row__col--6 gspb_col-id-gsbp-823e371\" id=\"gspb_col-id-gsbp-823e371\">\n<div id=\"gspb_text-id-gsbp-287e5a8\" class=\"gspb_text gspb_text-id-gsbp-287e5a8 \">Budokwai Taekwondo kuuluu Suomen Taekwondoliittoon ja edustaa WTF-taekwondoa, eli olympiataekwondoa. Seura on\u00a0 Suomen suurin taekwondoseura sek\u00e4 yksi menestyneimmist\u00e4, ellei menestynein seura liikesarjakilpailuissa sek\u00e4 ottelukilpailuissa Suomessa. Seuramme panostaa erityisesti juniorioreihin ja huippu-urheiluun, unohtamatta kuitenkaan aikuisten kuntoliikuntaa. T\u00e4rkeimp\u00e4n\u00e4 arvonamme on jatkuva kehittyminen. Budokwai Taekwondo saavutti Nuoren Suomen sinetin vuonna 2005.<\/div>\n<\/div>\n\n\n\n<div class=\"wp-block-greenshift-blocks-row-column gspb_row__col--6 gspb_col-id-gsbp-3b3039e\" id=\"gspb_col-id-gsbp-3b3039e\">\n<div class=\"wp-block-greenshift-blocks-image gspb_image gspb_image-id-gsbp-33936f0\" id=\"gspb_image-id-gsbp-33936f0\"><img decoding=\"async\" src=\"http:\/\/www.staging4.budokwai.fi\/taekwondo\/wp-content\/uploads\/2025\/06\/budokwai_taekwondo_logo.png\" data-src=\"\" alt=\"budokwai logo\" loading=\"lazy\" width=\"167\" height=\"392\"\/><\/div>\n<\/div>\n <\/div><\/div>\n\n\n\n<div class=\"wp-block-greenshift-blocks-row gspb_row gspb_row-id-gsbp-f762a4b\" id=\"gspb_row-id-gsbp-f762a4b\"><div class=\"gspb_row__content\"> \n<div class=\"wp-block-greenshift-blocks-row-column gspb_row__col--12 gspb_col-id-gsbp-691485f\" id=\"gspb_col-id-gsbp-691485f\">\n<h4 class=\"wp-block-heading\" id=\"historiaa\">Historiaa<\/h4>\n\n\n\n<p>Emoseura Budokwai ry:n juuret ovat judossa, sill\u00e4 seura muotoutui monien vaiheiden kautta vuonna 1962 perustetun Turun Judoseura ry:n pohjalta, joka puolestaan oli ensimm\u00e4inen it\u00e4maisia kamppailujaleja edustava seura Turussa. T\u00e4st\u00e4 johtuen seura vietti vuonna 2002 jo 40-vuotis syntym\u00e4p\u00e4ivi\u00e4\u00e4n, mik\u00e4 on suomalaiselle budoseuralle eritt\u00e4in korkea ik\u00e4. Pitkien perinteiden vaaliminen on nykyisille jaostoille kunnia-asia.<\/p>\n\n\n\n<p>Hieman my\u00f6hemmin kaupunkiin perustettiin Turun Akateeminen Judokerho ry, joka yhdistyi Turun Judoseuraan vuonna 1972. Judon lis\u00e4ksi tuli mukaan my\u00f6s karate, ja uuden seuran nimeksi p\u00e4\u00e4tettiin nimikilpailun j\u00e4lkeen antaa Turun Budokwai ry. Sittemin seuran lajivalikoimaan liittyiv\u00e4t my\u00f6s Ilkka Blomqvistin toimesta taekwondo vuonna 1989 sek\u00e4 my\u00f6hemmin joksikin aikaa my\u00f6s aikido.<\/p>\n\n\n\n<p>T\u00e4ll\u00e4 hetkell\u00e4 Budokwai ry:ss\u00e4 on kaksi aktiivisesti toimivaa alajaostoa, karate ja taekwondo. J\u00e4lkimm\u00e4inen syntyi vuoden 2000 vaihteessa, kun kaksi turkulaista taekwondoseuraa p\u00e4\u00e4tti yhdist\u00e4\u00e4 voimavaransa. Taekwondo-jaostossa harjoittelee t\u00e4ll\u00e4 hetkell\u00e4 yli 300 harrastajaa, joten se on yksi suurimmista kamppailulajiseuroista Turussa.<\/p>\n<\/div>\n <\/div><\/div>\n\n\n\n<div class=\"wp-block-greenshift-blocks-row gspb_row gspb_row-id-gsbp-54eed03\" id=\"gspb_row-id-gsbp-54eed03\"><div class=\"gspb_row__content\"> \n<div class=\"wp-block-greenshift-blocks-row-column gspb_row__col--12 gspb_col-id-gsbp-2cd272d\" id=\"gspb_col-id-gsbp-2cd272d\">\n<h4 id=\"gspb_heading-id-gsbp-78aa81a\" class=\"gspb_heading gspb_heading-id-gsbp-78aa81a \">Toimintak\u00e4sikirja<\/h4>\n\n\n\n<p>T\u00e4m\u00e4 k\u00e4sikirja avaa Budokwai Taekwondon toiminta-ajatuksen, vision sek\u00e4 kuvaa k\u00e4yt\u00e4nn\u00f6n toimintoja.<\/p>\n\n\n\n<div class=\"gspb_button_wrapper gspb_button-id-gsbp-f2f533f\" id=\"gspb_button-id-gsbp-f2f533f\"><a class=\"wp-block-greenshift-blocks-buttonbox gspb-buttonbox wp-element-button\" href=\"https:\/\/drive.google.com\/file\/d\/1e0zz1U-mRDh_zDFSnJvzzTpzQ8EILWeI\/view?usp=sharing\" rel=\"noopener\"><span class=\"gspb-buttonbox-textwrap\"><span class=\"gspb-buttonbox-text\"><span class=\"gspb-buttonbox-title\">Lataa Toimintak\u00e4sikirja<\/span><\/span><\/span><\/a><\/div>\n<\/div>\n <\/div><\/div>\n\n\n\n<p><\/p>\n","protected":false},"excerpt":{"rendered":"","protected":false},"author":2,"featured_media":0,"parent":0,"menu_order":0,"comment_status":"closed","ping_status":"closed","template":"","meta":{"_gspb_post_css":"#gspb_row-id-gsbp-231b6b4{justify-content:space-between;margin-top:0;margin-bottom:0;display:flex;flex-wrap:wrap}#gspb_row-id-gsbp-231b6b4>.gspb_row__content{display:flex;justify-content:space-between;margin:0 auto;width:100%;flex-wrap:wrap}div[id^=gspb_col-id]{box-sizing:border-box;position:relative;padding:var(--gs-row-column-padding, 15px min(3vw, 20px))}body.gspb-bodyfront #gspb_row-id-gsbp-231b6b4>.gspb_row__content{width:var(--theme-container-width, 1200px);max-width:var(--theme-normal-container-max-width, 1200px)}#gspb_col-id-gsbp-823e371.gspb_row__col--6{width:50%}@media (max-width:575.98px){#gspb_col-id-gsbp-823e371.gspb_row__col--6{width:100%}}.gspb_text-id-gsbp-287e5a8{margin-bottom:0!important}#gspb_col-id-gsbp-3b3039e.gspb_row__col--6{width:50%}@media (max-width:575.98px){#gspb_col-id-gsbp-3b3039e.gspb_row__col--6{width:100%}}body.gspb-bodyfront #gspb_col-id-gsbp-3b3039e.gspb_row__col--6{right:0;bottom:0}#gspb_col-id-gsbp-3b3039e.gspb_row__col--6{transform:translateX(0) translateY(0)}#gspb_image-id-gsbp-33936f0{text-align:center;height:auto}#gspb_image-id-gsbp-33936f0 img{vertical-align:middle;display:inline-block;box-sizing:border-box;max-width:100%;width:167px;height:auto}@media (max-width:991.98px){#gspb_image-id-gsbp-33936f0,#gspb_image-id-gsbp-33936f0 img{height:auto}}@media (max-width:767.98px){#gspb_image-id-gsbp-33936f0,#gspb_image-id-gsbp-33936f0 img{height:auto}}@media (max-width:575.98px){#gspb_image-id-gsbp-33936f0,#gspb_image-id-gsbp-33936f0 img{height:auto}}#gspb_row-id-gsbp-54eed03{justify-content:space-between;margin-top:0;margin-bottom:0;display:flex;flex-wrap:wrap}#gspb_row-id-gsbp-54eed03>.gspb_row__content{display:flex;justify-content:space-between;margin:0 auto;width:100%;flex-wrap:wrap}.gspb_row{position:relative}#gspb_col-id-gsbp-2cd272d.gspb_row__col--12{width:100%}@media (max-width:575.98px){#gspb_col-id-gsbp-2cd272d.gspb_row__col--12{width:100%}}#gspb_col-id-gsbp-2cd272d.gspb_row__col--12{background-color:var(--wp--preset--color--palette-color-3, var(--theme-palette-color-3, #a8c6e3))}#gspb_col-id-gsbp-2cd272d.gspb_row__col--12,#gspb_col-id-gsbp-2cd272d.gspb_row__col--12>.gspb_backgroundOverlay{border-top-left-radius:16px;border-top-right-radius:16px;border-bottom-right-radius:16px;border-bottom-left-radius:16px}#gspb_button-id-gsbp-f2f533f{display:flex;justify-content:flex-start}#gspb_button-id-gsbp-f2f533f .gspb-buttonbox-text{display:flex;flex-direction:column}#gspb_button-id-gsbp-f2f533f>.gspb-buttonbox{box-sizing:border-box;margin-top:24px;margin-bottom:24px}#gspb_row-id-gsbp-f762a4b{justify-content:space-between;margin-top:0;margin-bottom:0;display:flex;flex-wrap:wrap}#gspb_row-id-gsbp-f762a4b>.gspb_row__content{display:flex;justify-content:space-between;margin:0 auto;width:100%;flex-wrap:wrap}body.gspb-bodyfront #gspb_row-id-gsbp-54eed03>.gspb_row__content,body.gspb-bodyfront #gspb_row-id-gsbp-f762a4b>.gspb_row__content{width:var(--theme-container-width, 1200px);max-width:var(--theme-normal-container-max-width, 1200px)}#gspb_col-id-gsbp-691485f.gspb_row__col--12{width:100%}@media (max-width:575.98px){#gspb_col-id-gsbp-691485f.gspb_row__col--12{width:100%}}","footnotes":""},"class_list":["post-178","page","type-page","status-publish","hentry"],"blocksy_meta":{"has_hero_section":"enabled","hero_elements":[{"id":"custom_title","enabled":true,"heading_tag":"h1","title":"Home","__id":"nKjwdetwpv8VJuuClY-3P"},{"id":"custom_description","enabled":false,"description_visibility":{"desktop":true,"tablet":true,"mobile":false},"__id":"hLfF1BPKSTrKhB7EpHOaA"},{"id":"custom_meta","enabled":false,"meta_elements":[{"id":"author","enabled":true,"label":"By","has_author_avatar":"yes","avatar_size":25},{"id":"post_date","enabled":true,"label":"On","date_format_source":"default","date_format":"M j, Y"},{"id":"updated_date","enabled":false,"label":"On","date_format_source":"default","date_format":"M j, Y"},{"id":"categories","enabled":false,"label":"In","style":"simple"},{"id":"comments","enabled":true}],"page_meta_elements":{"joined":true,"articles_count":true,"comments":true},"__id":"hZBxmtytOBe3og5MLJJTf"},{"id":"breadcrumbs","enabled":false,"__id":"Aoe1g3WMUDosooNpJ2J1N"}],"styles_descriptor":{"styles":{"desktop":"[data-prefix=\"single_page\"] .entry-header .page-title {--theme-font-size:30px;} [data-prefix=\"single_page\"] .entry-header .entry-meta {--theme-font-weight:600;--theme-text-transform:uppercase;--theme-font-size:12px;--theme-line-height:1.3;}","tablet":"","mobile":""},"google_fonts":[],"version":6}},"jetpack_shortlink":"https:\/\/wp.me\/P2Mq3v-2S","jetpack_sharing_enabled":true,"_links":{"self":[{"href":"https:\/\/www.staging4.budokwai.fi\/taekwondo\/wp-json\/wp\/v2\/pages\/178","targetHints":{"allow":["GET"]}}],"collection":[{"href":"https:\/\/www.staging4.budokwai.fi\/taekwondo\/wp-json\/wp\/v2\/pages"}],"about":[{"href":"https:\/\/www.staging4.budokwai.fi\/taekwondo\/wp-json\/wp\/v2\/types\/page"}],"author":[{"embeddable":true,"href":"https:\/\/www.staging4.budokwai.fi\/taekwondo\/wp-json\/wp\/v2\/users\/2"}],"replies":[{"embeddable":true,"href":"https:\/\/www.staging4.budokwai.fi\/taekwondo\/wp-json\/wp\/v2\/comments?post=178"}],"version-history":[{"count":24,"href":"https:\/\/www.staging4.budokwai.fi\/taekwondo\/wp-json\/wp\/v2\/pages\/178\/revisions"}],"predecessor-version":[{"id":11415,"href":"https:\/\/www.staging4.budokwai.fi\/taekwondo\/wp-json\/wp\/v2\/pages\/178\/revisions\/11415"}],"wp:attachment":[{"href":"https:\/\/www.staging4.budokwai.fi\/taekwondo\/wp-json\/wp\/v2\/media?parent=178"}],"curies":[{"name":"wp","href":"https:\/\/api.w.org\/{rel}","templated":true}]}}