{"id":190,"date":"2012-08-23T11:20:09","date_gmt":"2012-08-23T08:20:09","guid":{"rendered":"http:\/\/whm09.louhi.net\/~budokwai\/taekwondo\/wp\/?page_id=190"},"modified":"2025-08-05T15:56:36","modified_gmt":"2025-08-05T12:56:36","slug":"olympialaji","status":"publish","type":"page","link":"https:\/\/www.staging4.budokwai.fi\/taekwondo\/laji\/olympialaji\/","title":{"rendered":"Olympialaji"},"content":{"rendered":"<h3><a href=\"http:\/\/whm09.louhi.net\/~budokwai\/taekwondo\/wp\/wp-content\/uploads\/2012\/08\/suvi-ja-diana2.jpg\"><img loading=\"lazy\" decoding=\"async\" class=\"alignleft wp-image-436\" title=\"suvi ja diana2\" src=\"http:\/\/whm09.louhi.net\/~budokwai\/taekwondo\/wp\/wp-content\/uploads\/2012\/08\/suvi-ja-diana2.jpg\" alt=\"\" width=\"479\" height=\"578\" srcset=\"https:\/\/www.staging4.budokwai.fi\/taekwondo\/wp-content\/uploads\/2012\/08\/suvi-ja-diana2.jpg 599w, https:\/\/www.staging4.budokwai.fi\/taekwondo\/wp-content\/uploads\/2012\/08\/suvi-ja-diana2-248x300.jpg 248w, https:\/\/www.staging4.budokwai.fi\/taekwondo\/wp-content\/uploads\/2012\/08\/suvi-ja-diana2-174x210.jpg 174w\" sizes=\"auto, (max-width: 479px) 100vw, 479px\" \/><\/a>Taekwondo &#8211; syntynyt olympialaisiin<\/h3>\n<p>Taekwondo lopullisessa muodossaan \u00a0kehitettiin 1<span class=\"TextRun SCXW267910482 BCX0\" lang=\"FI-FI\" xml:lang=\"FI-FI\" data-contrast=\"none\"><span class=\"NormalTextRun SCXW267910482 BCX0\">940\u20131950<\/span><\/span><span class=\"TextRun SCXW267910482 BCX0\" lang=\"FI-FI\" xml:lang=\"FI-FI\" data-contrast=\"auto\"><span class=\"NormalTextRun SCXW267910482 BCX0\">-luvuilla<\/span><\/span> Etel\u00e4-Koreassa t\u00e4ydent\u00e4m\u00e4\u00e4n olympialaisten kamppailulajivalikoimaa potkuvoittoisella ottelullaan. 1960-luvun puoliv\u00e4list\u00e4 alkaen laji levisi nopeasti eri puolille maailmaa. Vuonna 2012 Maailman Taekwondoliitossa (WTF) on 201 j\u00e4senmaata. Taekwondo on t\u00e4ll\u00e4 m\u00e4\u00e4r\u00e4ll\u00e4 maailman kahdeksanneksi laajimmalle levinnyt urheilulaji.<br \/>\nTaekwondo oli n\u00e4yt\u00f6slajina Soulissa vuonna 1988 ja Barcelonassa vuonna 1992. Sydneyss\u00e4 vuonna 2000 laji oli ensimm\u00e4ist\u00e4 kertaa virallisena olympialajina sek\u00e4 miehill\u00e4 ett\u00e4 naisilla. Tuolloin siihen osallistui 103 urheilijaa (55 miest\u00e4, 48 naista) 51 maasta.<\/p>\n<p>Suomalaisista Sydneyn olympiakisoihin osallistuivat Kirsimarja Koskinen ja Veera Liukkonen. Koskinen sijoittui kuudenneksi sarjassa -67 kg. Ateenan olympiakisoissa vuonna 2004 Suomen v\u00e4rej\u00e4 puolusti Teemu Heino.<\/p>\n<p>Pekingin olympialaisissa vuonna 2008 ei suomalaista taekwondov\u00e4ri\u00e4 n\u00e4hty, mutta vuoden 2012 Lontoon olympialaisissa tuolloin Budokwai Taekwondoa edustanut Suvi Mikkonen ylsi -58 kg sarjassaan 5.-sijalle, ylt\u00e4en pronssiotteluun saakka. Matkalla pronssiotteluun Suvi kukisti \u00a0mm. maailmanmestarin ja olympiamitalistin Diana Lopezin.<\/p>\n<h3>Kilpailus\u00e4\u00e4nt\u00f6j\u00e4<\/h3>\n<p>Normaalisti taekwondossa kilpaillaan kahdeksassa painoluokassa miehille ja naisille, mutta olympiakisoissa lajille m\u00e4\u00e4r\u00e4tty ahdas osallistujakiinti\u00f6 puristaa kaikki kilpailijat vain nelj\u00e4\u00e4n luokkaan. Maakohtainen osallistujakiinti\u00f6 on maksimissaan kaksi naista ja kaksi miest\u00e4.<\/p>\n<p>Kullasta otellaan suoralla pudotuspelij\u00e4rjestelm\u00e4ll\u00e4. Finalisteille h\u00e4vinneet ottelijat jatkavat pudotusotteluilla ker\u00e4ilyeriss\u00e4, joiden kautta heill\u00e4 on mahdollisuus edet\u00e4 pronssimitalille.<\/p>\n<p>Taekwondo-ottelu kest\u00e4\u00e4 3 x 2 minuuttia. Vartaloon osuvasta ly\u00f6nnist\u00e4 saa yhden pisteen. Potkusta rintapanssariin saa kaksi pistett\u00e4. P\u00e4\u00e4h\u00e4n osuvasta potkusta saa kolme pistett\u00e4. Sel\u00e4n kautta py\u00f6r\u00e4ht\u00e4en teht\u00e4v\u00e4 potkuosuma tuo lis\u00e4pisteit\u00e4, jolloin vartaloon osuvasta potkusta saa kolme pistett\u00e4 ja p\u00e4\u00e4h\u00e4n osuvasta nelj\u00e4 pistett\u00e4. Vartaloon ja p\u00e4\u00e4h\u00e4n tulevat potkupisteet rekister\u00f6ityv\u00e4t elektronisen panssarin ja kyp\u00e4r\u00e4n v\u00e4lityksell\u00e4, kun taas ly\u00f6ntipisteet annetaan pistetuomarien toimesta. Ottelua johtaa keskustuomari, joka jakaa tarvittaessa ottelijoille my\u00f6s -1,0 pisteen arvoisia varoituksia kielletyist\u00e4 tekniikoista. Kovan osuman j\u00e4lkeen tuomari laskee lukua kahdeksaan tai kymmeneen, joista j\u00e4lkimm\u00e4inen merkitsee tyrm\u00e4yst\u00e4 ja ottelun p\u00e4\u00e4ttymist\u00e4.<\/p>\n<p>Kilpailijat k\u00e4ytt\u00e4v\u00e4t p\u00e4\u00e4suojusta, hammassuojia, vartalopanssaria sek\u00e4 s\u00e4\u00e4ri-, jalkap\u00f6yt\u00e4- ja alasuojia. Kehittyneiden suojusten ansiosta ottelut ovat varsin turvallisia t\u00e4yskontaktista huolimatta.<\/p>\n","protected":false},"excerpt":{"rendered":"<p>Taekwondo &#8211; syntynyt olympialaisiin Taekwondo lopullisessa muodossaan \u00a0kehitettiin 1940\u20131950-luvuilla Etel\u00e4-Koreassa t\u00e4ydent\u00e4m\u00e4\u00e4n olympialaisten kamppailulajivalikoimaa potkuvoittoisella ottelullaan. 1960-luvun puoliv\u00e4list\u00e4 alkaen laji levisi nopeasti eri puolille maailmaa. Vuonna 2012 Maailman Taekwondoliitossa (WTF) on 201 j\u00e4senmaata. Taekwondo on t\u00e4ll\u00e4 m\u00e4\u00e4r\u00e4ll\u00e4 maailman kahdeksanneksi laajimmalle levinnyt urheilulaji. Taekwondo oli n\u00e4yt\u00f6slajina Soulissa vuonna 1988 ja Barcelonassa vuonna 1992. Sydneyss\u00e4 vuonna 2000 laji [&hellip;]<\/p>\n","protected":false},"author":2,"featured_media":0,"parent":187,"menu_order":0,"comment_status":"closed","ping_status":"closed","template":"","meta":{"_gspb_post_css":"","footnotes":""},"class_list":["post-190","page","type-page","status-publish","hentry"],"blocksy_meta":[],"jetpack_shortlink":"https:\/\/wp.me\/P2Mq3v-34","jetpack_sharing_enabled":true,"_links":{"self":[{"href":"https:\/\/www.staging4.budokwai.fi\/taekwondo\/wp-json\/wp\/v2\/pages\/190","targetHints":{"allow":["GET"]}}],"collection":[{"href":"https:\/\/www.staging4.budokwai.fi\/taekwondo\/wp-json\/wp\/v2\/pages"}],"about":[{"href":"https:\/\/www.staging4.budokwai.fi\/taekwondo\/wp-json\/wp\/v2\/types\/page"}],"author":[{"embeddable":true,"href":"https:\/\/www.staging4.budokwai.fi\/taekwondo\/wp-json\/wp\/v2\/users\/2"}],"replies":[{"embeddable":true,"href":"https:\/\/www.staging4.budokwai.fi\/taekwondo\/wp-json\/wp\/v2\/comments?post=190"}],"version-history":[{"count":12,"href":"https:\/\/www.staging4.budokwai.fi\/taekwondo\/wp-json\/wp\/v2\/pages\/190\/revisions"}],"predecessor-version":[{"id":11783,"href":"https:\/\/www.staging4.budokwai.fi\/taekwondo\/wp-json\/wp\/v2\/pages\/190\/revisions\/11783"}],"up":[{"embeddable":true,"href":"https:\/\/www.staging4.budokwai.fi\/taekwondo\/wp-json\/wp\/v2\/pages\/187"}],"wp:attachment":[{"href":"https:\/\/www.staging4.budokwai.fi\/taekwondo\/wp-json\/wp\/v2\/media?parent=190"}],"curies":[{"name":"wp","href":"https:\/\/api.w.org\/{rel}","templated":true}]}}