{"id":200,"date":"2012-08-23T11:22:36","date_gmt":"2012-08-23T08:22:36","guid":{"rendered":"http:\/\/whm09.louhi.net\/~budokwai\/taekwondo\/wp\/?page_id=200"},"modified":"2025-08-05T15:43:49","modified_gmt":"2025-08-05T12:43:49","slug":"kilpaurheilu","status":"publish","type":"page","link":"https:\/\/www.staging4.budokwai.fi\/taekwondo\/seura\/kilpaurheilu\/","title":{"rendered":"Kilpaileminen"},"content":{"rendered":"\n<div class=\"wp-block-greenshift-blocks-row gspb_row gspb_row-id-gsbp-c916f32\" id=\"gspb_row-id-gsbp-c916f32\"><div class=\"gspb_row__content\"> \n<div class=\"wp-block-greenshift-blocks-row-column gspb_row__col--6 gspb_col-id-gsbp-ce10923\" id=\"gspb_col-id-gsbp-ce10923\">\n<div class=\"wp-block-greenshift-blocks-image gspb_image gspb_image-id-gsbp-2077e73\" id=\"gspb_image-id-gsbp-2077e73\"><img decoding=\"async\" src=\"http:\/\/www.staging4.budokwai.fi\/taekwondo\/wp-content\/uploads\/2012\/08\/oonamuokattu.jpg\" data-src=\"\" alt=\"\" loading=\"lazy\" width=\"600px\"\/><\/div>\n<\/div>\n\n\n\n<div class=\"wp-block-greenshift-blocks-row-column gspb_row__col--6 gspb_col-id-gsbp-2edd66d\" id=\"gspb_col-id-gsbp-2edd66d\">\n<h5 id=\"gspb_heading-id-gsbp-edad9ee\" class=\"gspb_heading gspb_heading-id-gsbp-edad9ee \">Kilpaharjoittelu<\/h5>\n\n\n\n<p>Budokwai Taekwondo on yksi Suomen menestyneimpi\u00e4 taekwondoseuroja. Seuramme j\u00e4senet ovat menestyneet MM-, EM-, PM- ja SM-kilpailuissa loistavasti. Menestymisen pohjana on laadukas harjoittelu juniori-i\u00e4ss\u00e4.  <\/p>\n\n\n\n<p>Ottelusta kiinnostuneille lapsille ja nuorille on tarjolla eri ik\u00e4ryhmien otteluharjoituksia. N\u00e4m\u00e4 harjoitukset on suunnattu kaikille otteluharjoittelusta kiinnostuneille. Ottelusta kiinnostuneille aikuisharrastajille on my\u00f6s tarjolla otteluharjoituksia, joissa on mukana kaikenik\u00e4isi\u00e4 ja -tasoisia.<\/p>\n\n\n\n<p>Liikesarjoista kiinnostuneille lapsille, nuorille ja aikuisille on tarjolla liikesarjaharjoituksia, joiden tasovaatimus vaihtelee aloittelijoista edistyineisiin. Kaikissa liikesarjaharjoituksissa voi k\u00e4yd\u00e4 sek\u00e4 vy\u00f6kokeisiin t\u00e4ht\u00e4\u00e4v\u00e4t harrastajat, ett\u00e4 liikesarjakilpailijat. Nuorille tarjoamme lis\u00e4ksi potku-, trikkaus- ja akrobatiatreeni\u00e4, joka luo hyv\u00e4\u00e4 pohjaa my\u00f6s freestyle liikesarjakilpailuihin ja n\u00e4yt\u00f6ksiin.<\/p>\n\n\n\n<h5 class=\"wp-block-heading\" id=\"urheilijan-polku\">Urheilijan polku<\/h5>\n\n\n\n<p>Kilpailusta tavoitteellisesti kiinnostuneille on tarjolla urheilijan polku seuraharjoituksista aina maajoukkueurheilijaksi saakka. Budokwai Taekwondon harjoitusaikataulu sis\u00e4lt\u00e4\u00e4 liikesarjaharjoituksia eri tason omaaville harrastajille. Haastavan tason liikesarjaharjoituksissa ohjaajina toimivat kansainv\u00e4lisesti menestyneet maajoukkueurheilijamme. N\u00e4m\u00e4 huikeat harjoitukset seuramme tarjoaa vain perusharjoitusmaksujen hinnalla! Ottelussa on perusharjoitusten lis\u00e4ksi mahdollisuus osallistua kilparyhm\u00e4n harjoituksiin, joista maksetaan erillinen valmennusmaksu. Lis\u00e4tietoja ottelun kilparyhm\u00e4n toiminnasta l\u00f6ytyy <strong><a href=\"https:\/\/www.staging4.budokwai.fi\/taekwondo\/kilparyhma\/\">t\u00e4\u00e4lt\u00e4.<\/a><\/strong><\/p>\n\n\n\n<h5 class=\"wp-block-heading\" id=\"kilpailut\">Kilpailut<\/h5>\n\n\n\n<p>Seuramme k\u00e4y ahkerasti ymp\u00e4ri Suomea j\u00e4rjestetyiss\u00e4 ottelu- ja liikesarjakilpailuissa. J\u00e4rjest\u00e4mme my\u00f6s kimppakyytej\u00e4, jotta kaikki halukkaat p\u00e4\u00e4sev\u00e4t mukaan. Tulevista kilpailuista ilmoitetaan salin ilmoitustaululla sek\u00e4 j\u00e4senille s\u00e4hk\u00f6postitse.<\/p>\n\n\n\n<p>Seuramme j\u00e4rjest\u00e4\u00e4 t\u00e4m\u00e4n lis\u00e4ksi omia ottelun ja liikesarjojen salikilpailuja aloitteleville ja vasta v\u00e4h\u00e4n aikaa kilpailleille harrastajille. Tarkoituksena on madaltaa kynnyst\u00e4 tutustua kilpaurheiluun. Tuomareina ja valmentajina salikilpailuissa toimivat seuramme omat edistyneet kilpailijat ja ohjaajat. Salikilpailujen osallistumismaksu on 10 \u20ac\/hl\u00f6. Tulevista salikilpailuista ilmoitetaan erikseen salin ilmoitustaululla sek\u00e4 j\u00e4senille s\u00e4hk\u00f6postitse. Salikilpailuihin ovat l\u00e4mpim\u00e4sti tervetulleita my\u00f6s naapuriseurojen aloittelevat kilpailijat.<\/p>\n<\/div>\n <\/div><\/div>\n\n\n\n<h5 class=\"wp-block-heading\" id=\"varusteet\">&nbsp;Varusteet<\/h5>\n\n\n\n<p>Seura tarjoaa lainaksi k\u00e4sisuojia, s\u00e4\u00e4risuojia, jalkap\u00f6yt\u00e4suojia, kyp\u00e4ri\u00e4 sek\u00e4 panssareita. Jokaisen otteluharjoituksiin osallistuvan tulee lis\u00e4ksi hankkia henkil\u00f6kohtaiset hammassuojat ja alasuojat. Suosittelemme kuitenkin aktiivisesti otteluharjoituksiin osallistuvien hankkimaan hygienia ja k\u00e4yt\u00e4nn\u00f6n syist\u00e4 kaikki omat suojat. <\/p>\n\n\n\n<p>Kilpamatkoilla suosittelemme l\u00e4mpim\u00e4sti k\u00e4ytt\u00e4m\u00e4\u00e4n Budokwai Taekwondon seuravaatteita yhteishengen luomiseksi!<\/p>\n","protected":false},"excerpt":{"rendered":"<p>&nbsp;Varusteet Seura tarjoaa lainaksi k\u00e4sisuojia, s\u00e4\u00e4risuojia, jalkap\u00f6yt\u00e4suojia, kyp\u00e4ri\u00e4 sek\u00e4 panssareita. Jokaisen otteluharjoituksiin osallistuvan tulee lis\u00e4ksi hankkia henkil\u00f6kohtaiset hammassuojat ja alasuojat. Suosittelemme kuitenkin aktiivisesti otteluharjoituksiin osallistuvien hankkimaan hygienia ja k\u00e4yt\u00e4nn\u00f6n syist\u00e4 kaikki omat suojat. Kilpamatkoilla suosittelemme l\u00e4mpim\u00e4sti k\u00e4ytt\u00e4m\u00e4\u00e4n Budokwai Taekwondon seuravaatteita yhteishengen luomiseksi!<\/p>\n","protected":false},"author":2,"featured_media":0,"parent":178,"menu_order":0,"comment_status":"closed","ping_status":"open","template":"","meta":{"_gspb_post_css":"#gspb_row-id-gsbp-c916f32{justify-content:space-between;margin-top:0;margin-bottom:0;display:flex;flex-wrap:wrap}#gspb_row-id-gsbp-c916f32>.gspb_row__content{display:flex;justify-content:space-between;margin:0 auto;width:100%;flex-wrap:wrap}.gspb_row{position:relative}div[id^=gspb_col-id]{box-sizing:border-box;position:relative;padding:var(--gs-row-column-padding, 15px min(3vw, 20px))}body.gspb-bodyfront #gspb_row-id-gsbp-c916f32>.gspb_row__content{width:var(--theme-container-width, 1200px);max-width:var(--theme-normal-container-max-width, 1200px)}#gspb_col-id-gsbp-ce10923.gspb_row__col--6{width:50%}@media (max-width:575.98px){#gspb_col-id-gsbp-ce10923.gspb_row__col--6{width:100%}}#gspb_image-id-gsbp-2077e73{text-align:left;height:custom}#gspb_image-id-gsbp-2077e73 img{vertical-align:top;display:inline-block;box-sizing:border-box;max-width:100%;width:600px;height:custom}#gspb_col-id-gsbp-2edd66d.gspb_row__col--6{width:50%}@media (max-width:575.98px){#gspb_col-id-gsbp-2edd66d.gspb_row__col--6{width:100%}}","footnotes":""},"class_list":["post-200","page","type-page","status-publish","hentry"],"blocksy_meta":[],"jetpack_shortlink":"https:\/\/wp.me\/P2Mq3v-3e","jetpack_sharing_enabled":true,"_links":{"self":[{"href":"https:\/\/www.staging4.budokwai.fi\/taekwondo\/wp-json\/wp\/v2\/pages\/200","targetHints":{"allow":["GET"]}}],"collection":[{"href":"https:\/\/www.staging4.budokwai.fi\/taekwondo\/wp-json\/wp\/v2\/pages"}],"about":[{"href":"https:\/\/www.staging4.budokwai.fi\/taekwondo\/wp-json\/wp\/v2\/types\/page"}],"author":[{"embeddable":true,"href":"https:\/\/www.staging4.budokwai.fi\/taekwondo\/wp-json\/wp\/v2\/users\/2"}],"replies":[{"embeddable":true,"href":"https:\/\/www.staging4.budokwai.fi\/taekwondo\/wp-json\/wp\/v2\/comments?post=200"}],"version-history":[{"count":46,"href":"https:\/\/www.staging4.budokwai.fi\/taekwondo\/wp-json\/wp\/v2\/pages\/200\/revisions"}],"predecessor-version":[{"id":11775,"href":"https:\/\/www.staging4.budokwai.fi\/taekwondo\/wp-json\/wp\/v2\/pages\/200\/revisions\/11775"}],"up":[{"embeddable":true,"href":"https:\/\/www.staging4.budokwai.fi\/taekwondo\/wp-json\/wp\/v2\/pages\/178"}],"wp:attachment":[{"href":"https:\/\/www.staging4.budokwai.fi\/taekwondo\/wp-json\/wp\/v2\/media?parent=200"}],"curies":[{"name":"wp","href":"https:\/\/api.w.org\/{rel}","templated":true}]}}