{"id":501,"date":"2012-09-04T23:33:56","date_gmt":"2012-09-04T20:33:56","guid":{"rendered":"http:\/\/whm09.louhi.net\/~budokwai\/taekwondo\/wp\/?page_id=501"},"modified":"2025-08-14T15:47:16","modified_gmt":"2025-08-14T12:47:16","slug":"yhteystiedot","status":"publish","type":"page","link":"https:\/\/www.staging4.budokwai.fi\/taekwondo\/yhteystiedot\/","title":{"rendered":"Yhteystiedot"},"content":{"rendered":"\n<h3 id=\"gspb_heading-id-gsbp-0029746\" class=\"gspb_heading gspb_heading-id-gsbp-0029746 \">Tiedustelut<\/h3>\n\n\n\n<div class=\"wp-block-greenshift-blocks-row gspb_row gspb_row-id-gsbp-e2512ee\" id=\"gspb_row-id-gsbp-e2512ee\"><div class=\"gspb_row__content\"> \n<div class=\"wp-block-greenshift-blocks-row-column gspb_row__col--4 gspb_col-id-gsbp-a1bddb4\" id=\"gspb_col-id-gsbp-a1bddb4\">\n<h5 id=\"gspb_heading-id-gsbp-9a7a02c\" class=\"gspb_heading gspb_heading-id-gsbp-9a7a02c \">Tiedustelut harjoitusryhmist\u00e4<\/h5>\n\n\n\n<div id=\"gspb_text-id-gsbp-6b91bba\" class=\"gspb_text gspb_text-id-gsbp-6b91bba \"><strong>Sami Kiikola<\/strong><br>044-3322117<br>taekwondo(at)budokwai.fi<br><strong><br><\/strong>Tiedustelut ensisijaisesti s\u00e4hk\u00f6postilla tai viestill\u00e4<br><\/div>\n<\/div>\n\n\n\n<div class=\"wp-block-greenshift-blocks-row-column gspb_row__col--4 gspb_col-id-gsbp-abea5fa\" id=\"gspb_col-id-gsbp-abea5fa\">\n<h5 id=\"gspb_heading-id-gsbp-452147b\" class=\"gspb_heading gspb_heading-id-gsbp-452147b \">Tiedustelut laskutuksesta<\/h5>\n\n\n\n<div id=\"gspb_text-id-gsbp-9484dc2\" class=\"gspb_text gspb_text-id-gsbp-9484dc2 \"><strong>Arto Lehtokari<\/strong><br>laskut(at)budokwai.fi<\/div>\n<\/div>\n\n\n\n<div class=\"wp-block-greenshift-blocks-row-column gspb_row__col--4 gspb_col-id-gsbp-3bca03d\" id=\"gspb_col-id-gsbp-3bca03d\">\n<h5 id=\"gspb_heading-id-gsbp-a95f745\" class=\"gspb_heading gspb_heading-id-gsbp-a95f745 \">Puheenjohtaja<\/h5>\n\n\n\n<div id=\"gspb_text-id-gsbp-30e9a22\" class=\"gspb_text gspb_text-id-gsbp-30e9a22 \"><strong>Sami Kiikola<\/strong><br>044 332 2117<br>skiikola(at)gmail.com<\/div>\n<\/div>\n <\/div><\/div>\n\n\n\n<div class=\"wp-block-greenshift-blocks-row gspb_row gspb_row-id-gsbp-eb67500\" id=\"gspb_row-id-gsbp-eb67500\"><div class=\"gspb_row__content\"> \n<div class=\"wp-block-greenshift-blocks-row-column gspb_row__col--4 gspb_col-id-gsbp-588a1b2\" id=\"gspb_col-id-gsbp-588a1b2\">\n<h5 id=\"gspb_heading-id-gsbp-a5f62fa\" class=\"gspb_heading gspb_heading-id-gsbp-a5f62fa \">Laskutusosoite<\/h5>\n\n\n\n<div id=\"gspb_text-id-gsbp-da474da\" class=\"gspb_text gspb_text-id-gsbp-da474da \"><br><strong>Operaattori:<\/strong> Apix Messaging Oy (003723327487)<br><strong>Verkkolaskuosoite:<\/strong> 003710123688<br><strong>OVT-tunnus:<\/strong> 003710123688<br><strong>Y-tunnus:<\/strong> 1012368-8<br><br>Viimeisess\u00e4 h\u00e4d\u00e4ss\u00e4: laskut(at)budokwai.fi<\/div>\n<\/div>\n\n\n\n<div class=\"wp-block-greenshift-blocks-row-column gspb_row__col--4 gspb_col-id-gsbp-8f5b351\" id=\"gspb_col-id-gsbp-8f5b351\">\n<h5 id=\"gspb_heading-id-gsbp-9d7c90a\" class=\"gspb_heading gspb_heading-id-gsbp-9d7c90a \">Tilinumero<\/h5>\n\n\n\n<div id=\"gspb_text-id-gsbp-0bf5423\" class=\"gspb_text gspb_text-id-gsbp-0bf5423 \"><br><strong>IBAN:<\/strong> FI04 5711 6140 0501 84<br><strong>BIC:<\/strong>\u00a0OKOYFIHH<\/div>\n<\/div>\n\n\n\n<div class=\"wp-block-greenshift-blocks-row-column gspb_row__col--4 gspb_col-id-gsbp-58d0bd9\" id=\"gspb_col-id-gsbp-58d0bd9\">\n<h5 id=\"gspb_heading-id-gsbp-cd487d0\" class=\"gspb_heading gspb_heading-id-gsbp-cd487d0 \">Y-tunnus<\/h5>\n\n\n\n<div id=\"gspb_text-id-gsbp-31775d2\" class=\"gspb_text gspb_text-id-gsbp-31775d2 \">1012368-8<\/div>\n<\/div>\n <\/div><\/div>\n\n\n\n<h3 id=\"gspb_heading-id-gsbp-b2fd5c9\" class=\"gspb_heading gspb_heading-id-gsbp-b2fd5c9 \">Johtoryhm\u00e4<\/h3>\n\n\n\n<div class=\"wp-block-greenshift-blocks-row gspb_row gspb_row-id-gsbp-53a19e8\" id=\"gspb_row-id-gsbp-53a19e8\"><div class=\"gspb_row__content\"> \n<div class=\"wp-block-greenshift-blocks-row-column gspb_row__col--4 gspb_col-id-gsbp-c86d52f\" id=\"gspb_col-id-gsbp-c86d52f\">\n<h5 id=\"gspb_heading-id-gsbp-cf33132\" class=\"gspb_heading gspb_heading-id-gsbp-cf33132 \">Puheenjohtaja<\/h5>\n\n\n\n<div id=\"gspb_text-id-gsbp-c59455f\" class=\"gspb_text gspb_text-id-gsbp-c59455f \"><strong>Sami Kiikola<\/strong><br>044 332 2117<br>skiikola(at)gmail.com<br><\/div>\n<\/div>\n\n\n\n<div class=\"wp-block-greenshift-blocks-row-column gspb_row__col--4 gspb_col-id-gsbp-59441e5\" id=\"gspb_col-id-gsbp-59441e5\">\n<h5 id=\"gspb_heading-id-gsbp-c3d074c\" class=\"gspb_heading gspb_heading-id-gsbp-c3d074c \">Rahastonhoitaja<\/h5>\n\n\n\n<div id=\"gspb_text-id-gsbp-69bea06\" class=\"gspb_text gspb_text-id-gsbp-69bea06 \"><strong>Arto Lehtokari<\/strong><br>040 596 0298<br>laskut(at)budokwai.fi<\/div>\n<\/div>\n\n\n\n<div class=\"wp-block-greenshift-blocks-row-column gspb_row__col--4 gspb_col-id-gsbp-5bf7ede\" id=\"gspb_col-id-gsbp-5bf7ede\">\n<h5 id=\"gspb_heading-id-gsbp-22c90fb\" class=\"gspb_heading gspb_heading-id-gsbp-22c90fb \">J\u00e4senet<\/h5>\n\n\n\n<div id=\"gspb_text-id-gsbp-a20c980\" class=\"gspb_text gspb_text-id-gsbp-a20c980 \">Otto Tammila<br>Lauri Kiviruusu<br>Sanna-Kaisa Karma<br>Mikko Karma<br>Kari-Matti Lehti<br>Roosa N\u00e4rhi<br>Maika Gr\u00f6hn-Tammila<\/div>\n<\/div>\n <\/div><\/div>\n\n\n\n<h3 class=\"wp-block-heading\" id=\"sijainti\">Sijainti<\/h3>\n\n\n\n<div class=\"wp-block-greenshift-blocks-row gspb_row gspb_row-id-gsbp-0fa0a59\" id=\"gspb_row-id-gsbp-0fa0a59\"><div class=\"gspb_row__content\">  <\/div><\/div>\n\n\n\n<p class=\"has-text-align-center\"><iframe loading=\"lazy\" style=\"border: 0;\" src=\"https:\/\/www.google.com\/maps\/embed?pb=!1m18!1m12!1m3!1d2520.6686272108523!2d22.231090316421582!3d60.45592598206719!2m3!1f0!2f0!3f0!3m2!1i1024!2i768!4f13.1!3m3!1m2!1s0x0%3A0x0!2zNjDCsDI3JzIxLjMiTiAyMsKwMTMnNTkuOCJF!5e1!3m2!1sfi!2sfi!4v1496066607003\" width=\"1200\" height=\"400\" frameborder=\"0\" allowfullscreen=\"allowfullscreen\"><\/iframe><\/p>\n\n\n\n<div class=\"wp-block-greenshift-blocks-row gspb_row gspb_row-id-gsbp-f62d575\" id=\"gspb_row-id-gsbp-f62d575\"><div class=\"gspb_row__content\"> \n<div class=\"wp-block-greenshift-blocks-row-column gspb_row__col--6 gspb_col-id-gsbp-b79b13c\" id=\"gspb_col-id-gsbp-b79b13c\">\n<div class=\"wp-block-greenshift-blocks-image gspb_image gspb_image-id-gsbp-344c4dd\" id=\"gspb_image-id-gsbp-344c4dd\"><img decoding=\"async\" src=\"https:\/\/www.staging4.budokwai.fi\/taekwondo\/wp-content\/uploads\/2025\/07\/kartta-salille-2.png\" data-src=\"\" alt=\"\" loading=\"lazy\" width=\"1221\" height=\"669\"\/><\/div>\n<\/div>\n\n\n\n<div class=\"wp-block-greenshift-blocks-row-column gspb_row__col--6 gspb_col-id-gsbp-10366b5\" id=\"gspb_col-id-gsbp-10366b5\">\n<div class=\"wp-block-greenshift-blocks-image gspb_image gspb_image-id-gsbp-2e273ca\" id=\"gspb_image-id-gsbp-2e273ca\"><img decoding=\"async\" src=\"https:\/\/www.staging4.budokwai.fi\/taekwondo\/wp-content\/uploads\/2025\/07\/kartta-salille2-1.png\" data-src=\"\" alt=\"\" loading=\"lazy\" width=\"1053\" height=\"587\"\/><\/div>\n<\/div>\n <\/div><\/div>\n\n\n\n<div class=\"wp-block-greenshift-blocks-row gspb_row gspb_row-id-gsbp-ad28e1a\" id=\"gspb_row-id-gsbp-ad28e1a\"><div class=\"gspb_row__content\"> \n<div class=\"wp-block-greenshift-blocks-row-column gspb_row__col--6 gspb_col-id-gsbp-e763b68\" id=\"gspb_col-id-gsbp-e763b68\">\n<h5 id=\"gspb_heading-id-gsbp-b5b1ca1\" class=\"gspb_heading gspb_heading-id-gsbp-b5b1ca1 \">Sijainti<\/h5>\n\n\n\n<div id=\"gspb_text-id-gsbp-9d0f2d8\" class=\"gspb_text gspb_text-id-gsbp-9d0f2d8 \">Kamppailukeskus Budokwai sijaitsee Turussa K-supermarket Manhattania vastap\u00e4\u00e4t\u00e4. K\u00e4velymatka rautatieasemalta on 1,7 km. Bussit nro 20, 201 ja 203 pys\u00e4htyv\u00e4t Kamppailukeskus Budokwain kohdalla. Salin pihalla on my\u00f6s mukavasti pys\u00e4k\u00f6intitilaa omalla autolla kulkeville.<\/div>\n<\/div>\n\n\n\n<div class=\"wp-block-greenshift-blocks-row-column gspb_row__col--6 gspb_col-id-gsbp-d929ac8\" id=\"gspb_col-id-gsbp-d929ac8\">\n<h5 id=\"gspb_heading-id-gsbp-1b82c2d\" class=\"gspb_heading gspb_heading-id-gsbp-1b82c2d \">Osoite<\/h5>\n\n\n\n<div id=\"gspb_text-id-gsbp-0831b7d\" class=\"gspb_text gspb_text-id-gsbp-0831b7d \">Kamppailukeskus Budokwai<br>Uhril\u00e4hteenkatu 2<br>20250 Turku<\/div>\n<\/div>\n <\/div><\/div>\n\n\n\n<p><\/p>\n","protected":false},"excerpt":{"rendered":"<p>Sijainti<\/p>\n","protected":false},"author":2,"featured_media":0,"parent":0,"menu_order":0,"comment_status":"closed","ping_status":"open","template":"","meta":{"_gspb_post_css":"#gspb_heading-id-gsbp-0029746{margin-bottom:0}#gspb_row-id-gsbp-e2512ee,#gspb_row-id-gsbp-eb67500{justify-content:space-between;margin-top:0;margin-bottom:0;display:flex;flex-wrap:wrap}#gspb_row-id-gsbp-e2512ee>.gspb_row__content{display:flex;justify-content:space-between;margin:0 auto;width:100%;flex-wrap:wrap}div[id^=gspb_col-id]{box-sizing:border-box;position:relative;padding:var(--gs-row-column-padding, 15px min(3vw, 20px))}#gspb_col-id-gsbp-a1bddb4.gspb_row__col--4{width:33.333333333333336%}@media (max-width:575.98px){#gspb_col-id-gsbp-a1bddb4.gspb_row__col--4{width:100%}}#gspb_col-id-gsbp-abea5fa.gspb_row__col--4{width:33.333333333333336%}@media (max-width:575.98px){#gspb_col-id-gsbp-abea5fa.gspb_row__col--4{width:100%}}#gspb_col-id-gsbp-3bca03d.gspb_row__col--4{width:33.333333333333336%}@media (max-width:575.98px){#gspb_col-id-gsbp-3bca03d.gspb_row__col--4{width:100%}}#gspb_row-id-gsbp-eb67500>.gspb_row__content{display:flex;justify-content:space-between;margin:0 auto;width:100%;flex-wrap:wrap}body.gspb-bodyfront #gspb_row-id-gsbp-e2512ee>.gspb_row__content,body.gspb-bodyfront #gspb_row-id-gsbp-eb67500>.gspb_row__content{width:var(--theme-container-width, 1200px);max-width:var(--theme-normal-container-max-width, 1200px)}#gspb_col-id-gsbp-588a1b2.gspb_row__col--4{width:33.333333333333336%}@media (max-width:575.98px){#gspb_col-id-gsbp-588a1b2.gspb_row__col--4{width:100%}}#gspb_heading-id-gsbp-9d7c90a,#gspb_heading-id-gsbp-a5f62fa,#gspb_heading-id-gsbp-b2fd5c9{margin-bottom:0}#gspb_col-id-gsbp-8f5b351.gspb_row__col--4{width:33.333333333333336%}@media (max-width:575.98px){#gspb_col-id-gsbp-8f5b351.gspb_row__col--4{width:100%}}#gspb_col-id-gsbp-58d0bd9.gspb_row__col--4{width:33.333333333333336%}@media (max-width:575.98px){#gspb_col-id-gsbp-58d0bd9.gspb_row__col--4{width:100%}}#gspb_row-id-gsbp-53a19e8{justify-content:space-between;margin-top:0;display:flex;flex-wrap:wrap;margin-bottom:0}#gspb_row-id-gsbp-53a19e8>.gspb_row__content{display:flex;justify-content:space-between;margin:0 auto;width:100%;flex-wrap:wrap}#gspb_col-id-gsbp-c86d52f.gspb_row__col--4{width:33.333333333333336%}@media (max-width:575.98px){#gspb_col-id-gsbp-c86d52f.gspb_row__col--4{width:100%}}.gspb_text-id-gsbp-c59455f{margin-bottom:0!important}#gspb_col-id-gsbp-59441e5.gspb_row__col--4{width:33.333333333333336%}@media (max-width:575.98px){#gspb_col-id-gsbp-59441e5.gspb_row__col--4{width:100%}}.gspb_text-id-gsbp-69bea06{margin-top:0!important}#gspb_col-id-gsbp-5bf7ede.gspb_row__col--4{width:33.333333333333336%}@media (max-width:575.98px){#gspb_col-id-gsbp-5bf7ede.gspb_row__col--4{width:100%}}#gspb_row-id-gsbp-0fa0a59{margin-bottom:0}#gspb_row-id-gsbp-0fa0a59>.gspb_row__content,#gspb_row-id-gsbp-f62d575>.gspb_row__content{display:flex;justify-content:space-between;margin:0 auto;width:100%;flex-wrap:wrap}.gspb_row{position:relative}body.gspb-bodyfront #gspb_row-id-gsbp-0fa0a59>.gspb_row__content,body.gspb-bodyfront #gspb_row-id-gsbp-53a19e8>.gspb_row__content{width:var(--theme-container-width, 1200px);max-width:var(--theme-normal-container-max-width, 1200px)}#gspb_row-id-gsbp-0fa0a59,#gspb_row-id-gsbp-ad28e1a,#gspb_row-id-gsbp-f62d575{justify-content:space-between;margin-top:0;display:flex;flex-wrap:wrap}#gspb_row-id-gsbp-f62d575{margin-bottom:0}#gspb_col-id-gsbp-b79b13c.gspb_row__col--6{width:50%}@media (max-width:575.98px){#gspb_col-id-gsbp-b79b13c.gspb_row__col--6{width:100%}}#gspb_image-id-gsbp-2e273ca img,#gspb_image-id-gsbp-344c4dd img{vertical-align:top;display:inline-block;box-sizing:border-box;max-width:100%;height:auto}#gspb_col-id-gsbp-10366b5.gspb_row__col--6{width:50%}@media (max-width:575.98px){#gspb_col-id-gsbp-10366b5.gspb_row__col--6{width:100%}}#gspb_row-id-gsbp-ad28e1a>.gspb_row__content{display:flex;justify-content:space-between;margin:0 auto;width:100%;flex-wrap:wrap}body.gspb-bodyfront #gspb_row-id-gsbp-ad28e1a>.gspb_row__content,body.gspb-bodyfront #gspb_row-id-gsbp-f62d575>.gspb_row__content{width:var(--theme-container-width, 1200px);max-width:var(--theme-normal-container-max-width, 1200px)}#gspb_row-id-gsbp-ad28e1a{margin-bottom:24px;background-color:#a8c6e300}#gspb_row-id-gsbp-ad28e1a,#gspb_row-id-gsbp-ad28e1a>.gspb_backgroundOverlay{border-top-left-radius:16px;border-top-right-radius:16px;border-bottom-right-radius:16px;border-bottom-left-radius:16px}#gspb_col-id-gsbp-e763b68.gspb_row__col--6{width:50%}@media (max-width:575.98px){#gspb_col-id-gsbp-e763b68.gspb_row__col--6{width:100%}}#gspb_col-id-gsbp-d929ac8.gspb_row__col--6{width:50%}@media (max-width:575.98px){#gspb_col-id-gsbp-d929ac8.gspb_row__col--6{width:100%}}.gspb_text-id-gsbp-0831b7d{margin-bottom:0!important}","footnotes":""},"class_list":["post-501","page","type-page","status-publish","hentry"],"blocksy_meta":[],"jetpack_shortlink":"https:\/\/wp.me\/P2Mq3v-85","jetpack_sharing_enabled":true,"_links":{"self":[{"href":"https:\/\/www.staging4.budokwai.fi\/taekwondo\/wp-json\/wp\/v2\/pages\/501","targetHints":{"allow":["GET"]}}],"collection":[{"href":"https:\/\/www.staging4.budokwai.fi\/taekwondo\/wp-json\/wp\/v2\/pages"}],"about":[{"href":"https:\/\/www.staging4.budokwai.fi\/taekwondo\/wp-json\/wp\/v2\/types\/page"}],"author":[{"embeddable":true,"href":"https:\/\/www.staging4.budokwai.fi\/taekwondo\/wp-json\/wp\/v2\/users\/2"}],"replies":[{"embeddable":true,"href":"https:\/\/www.staging4.budokwai.fi\/taekwondo\/wp-json\/wp\/v2\/comments?post=501"}],"version-history":[{"count":92,"href":"https:\/\/www.staging4.budokwai.fi\/taekwondo\/wp-json\/wp\/v2\/pages\/501\/revisions"}],"predecessor-version":[{"id":11825,"href":"https:\/\/www.staging4.budokwai.fi\/taekwondo\/wp-json\/wp\/v2\/pages\/501\/revisions\/11825"}],"wp:attachment":[{"href":"https:\/\/www.staging4.budokwai.fi\/taekwondo\/wp-json\/wp\/v2\/media?parent=501"}],"curies":[{"name":"wp","href":"https:\/\/api.w.org\/{rel}","templated":true}]}}