{"id":5792,"date":"2017-07-27T14:33:44","date_gmt":"2017-07-27T11:33:44","guid":{"rendered":"http:\/\/www.budokwai.fi\/taekwondo\/?page_id=5792"},"modified":"2025-08-05T16:00:04","modified_gmt":"2025-08-05T13:00:04","slug":"palvelut","status":"publish","type":"page","link":"https:\/\/www.staging4.budokwai.fi\/taekwondo\/palvelut\/","title":{"rendered":"Palvelut"},"content":{"rendered":"\n<h3 class=\"wp-block-heading\" id=\"palvelut\">Palvelut<\/h3>\n\n\n\n<p>Perustoiminnan lis\u00e4ksi tarjoamme palveluita esimerkiksi kouluille, urheiluseuroille sek\u00e4 yksityishenkil\u00f6ille. Tarjoamme mm. seuraavia palveluita:<\/p>\n\n\n\n<div class=\"wp-block-greenshift-blocks-row gspb_row gspb_row-id-gsbp-dc5e935\" id=\"gspb_row-id-gsbp-dc5e935\"><div class=\"gspb_row__content\"> \n<div class=\"wp-block-greenshift-blocks-row-column gspb_row__col--3 gspb_col-id-gsbp-5bbe80f\" id=\"gspb_col-id-gsbp-5bbe80f\">\n<div id=\"gspb_text-id-gsbp-e1afa9a\" class=\"gspb_text gspb_text-id-gsbp-e1afa9a \"><strong>Oheislajiharjoittelu<\/strong> &#8211; muiden lajien urheiluseuroille suunnattu taekwondoharjoittelu ammattivalmentajan ohjauksessa<\/div>\n<\/div>\n\n\n\n<div class=\"wp-block-greenshift-blocks-row-column gspb_row__col--3 gspb_col-id-gsbp-f47bce1\" id=\"gspb_col-id-gsbp-f47bce1\">\n<div id=\"gspb_text-id-gsbp-1e41179\" class=\"gspb_text gspb_text-id-gsbp-1e41179 \"><strong>Lajiesittelyt<\/strong> &#8211; kouluryhmille tai vaikka ty\u00f6paikan virkistysp\u00e4iv\u00e4n tehokas ja monipuolinen lajiesittelytunti<\/div>\n<\/div>\n\n\n\n<div class=\"wp-block-greenshift-blocks-row-column gspb_row__col--3 gspb_col-id-gsbp-9805a5a\" id=\"gspb_col-id-gsbp-9805a5a\">\n<div id=\"gspb_text-id-gsbp-18bac8d\" class=\"gspb_text gspb_text-id-gsbp-18bac8d \"><strong>Syntt\u00e4rit<\/strong> &#8211; lasten syntym\u00e4p\u00e4iv\u00e4t yksityishenkil\u00f6ille<\/div>\n<\/div>\n\n\n\n<div class=\"wp-block-greenshift-blocks-row-column gspb_row__col--3 gspb_col-id-gsbp-3c04d8d\" id=\"gspb_col-id-gsbp-3c04d8d\">\n<div id=\"gspb_text-id-gsbp-66d851e\" class=\"gspb_text gspb_text-id-gsbp-66d851e \"><strong>Jotain muuta?<\/strong> Ota yhteytt\u00e4 ja katsotaan, voimmeko j\u00e4rjest\u00e4\u00e4 toiveittenne mukaisen tapahtuman.<\/div>\n<\/div>\n <\/div><\/div>\n\n\n\n<p><\/p>\n","protected":false},"excerpt":{"rendered":"<p>Palvelut Perustoiminnan lis\u00e4ksi tarjoamme palveluita esimerkiksi kouluille, urheiluseuroille sek\u00e4 yksityishenkil\u00f6ille. Tarjoamme mm. seuraavia palveluita:<\/p>\n","protected":false},"author":2,"featured_media":0,"parent":0,"menu_order":0,"comment_status":"closed","ping_status":"closed","template":"","meta":{"_gspb_post_css":"#gspb_row-id-gsbp-dc5e935{justify-content:space-between;display:flex;flex-wrap:wrap;margin:16px;background-color:var(--wp--preset--color--palette-color-3, var(--theme-palette-color-3, #a8c6e3))}#gspb_row-id-gsbp-dc5e935>.gspb_row__content{display:flex;justify-content:space-between;margin:0 auto;width:100%;flex-wrap:wrap}.gspb_row{position:relative}div[id^=gspb_col-id]{box-sizing:border-box;position:relative;padding:var(--gs-row-column-padding, 15px min(3vw, 20px))}body.gspb-bodyfront #gspb_row-id-gsbp-dc5e935>.gspb_row__content{width:var(--theme-container-width, 1200px);max-width:var(--theme-normal-container-max-width, 1200px)}#gspb_row-id-gsbp-dc5e935,#gspb_row-id-gsbp-dc5e935>.gspb_backgroundOverlay{border-top-left-radius:16px;border-top-right-radius:16px;border-bottom-right-radius:16px;border-bottom-left-radius:16px}#gspb_col-id-gsbp-5bbe80f.gspb_row__col--3{width:25%}@media (max-width:575.98px){#gspb_col-id-gsbp-5bbe80f.gspb_row__col--3{width:100%}}.gspb_text-id-gsbp-18bac8d,.gspb_text-id-gsbp-18bac8d .gsap-g-line,.gspb_text-id-gsbp-1e41179,.gspb_text-id-gsbp-1e41179 .gsap-g-line,.gspb_text-id-gsbp-66d851e,.gspb_text-id-gsbp-66d851e .gsap-g-line,.gspb_text-id-gsbp-e1afa9a,.gspb_text-id-gsbp-e1afa9a .gsap-g-line{text-align:center!important}#gspb_col-id-gsbp-f47bce1.gspb_row__col--3{width:25%}@media (max-width:575.98px){#gspb_col-id-gsbp-f47bce1.gspb_row__col--3{width:100%}}#gspb_col-id-gsbp-9805a5a.gspb_row__col--3{width:25%}@media (max-width:575.98px){#gspb_col-id-gsbp-9805a5a.gspb_row__col--3{width:100%}}#gspb_col-id-gsbp-3c04d8d.gspb_row__col--3{width:25%}@media (max-width:575.98px){#gspb_col-id-gsbp-3c04d8d.gspb_row__col--3{width:100%}}","footnotes":""},"class_list":["post-5792","page","type-page","status-publish","hentry"],"blocksy_meta":[],"jetpack_shortlink":"https:\/\/wp.me\/P2Mq3v-1vq","jetpack_sharing_enabled":true,"_links":{"self":[{"href":"https:\/\/www.staging4.budokwai.fi\/taekwondo\/wp-json\/wp\/v2\/pages\/5792","targetHints":{"allow":["GET"]}}],"collection":[{"href":"https:\/\/www.staging4.budokwai.fi\/taekwondo\/wp-json\/wp\/v2\/pages"}],"about":[{"href":"https:\/\/www.staging4.budokwai.fi\/taekwondo\/wp-json\/wp\/v2\/types\/page"}],"author":[{"embeddable":true,"href":"https:\/\/www.staging4.budokwai.fi\/taekwondo\/wp-json\/wp\/v2\/users\/2"}],"replies":[{"embeddable":true,"href":"https:\/\/www.staging4.budokwai.fi\/taekwondo\/wp-json\/wp\/v2\/comments?post=5792"}],"version-history":[{"count":7,"href":"https:\/\/www.staging4.budokwai.fi\/taekwondo\/wp-json\/wp\/v2\/pages\/5792\/revisions"}],"predecessor-version":[{"id":11786,"href":"https:\/\/www.staging4.budokwai.fi\/taekwondo\/wp-json\/wp\/v2\/pages\/5792\/revisions\/11786"}],"wp:attachment":[{"href":"https:\/\/www.staging4.budokwai.fi\/taekwondo\/wp-json\/wp\/v2\/media?parent=5792"}],"curies":[{"name":"wp","href":"https:\/\/api.w.org\/{rel}","templated":true}]}}