{"id":7,"date":"2012-08-14T00:16:38","date_gmt":"2012-08-13T21:16:38","guid":{"rendered":"http:\/\/whm09.louhi.net\/~budokwai\/taekwondo\/wp\/?page_id=7"},"modified":"2025-08-05T16:01:52","modified_gmt":"2025-08-05T13:01:52","slug":"sinettiseura","status":"publish","type":"page","link":"https:\/\/www.staging4.budokwai.fi\/taekwondo\/seura\/sinettiseura\/","title":{"rendered":"T\u00e4htiseura"},"content":{"rendered":"\n<div class=\"wp-block-greenshift-blocks-row gspb_row gspb_row-id-gsbp-6e10db7\" id=\"gspb_row-id-gsbp-6e10db7\"><div class=\"gspb_row__content\"> \n<div class=\"wp-block-greenshift-blocks-row-column gspb_row__col--6 gspb_col-id-gsbp-bf3102e\" id=\"gspb_col-id-gsbp-bf3102e\">\n<p>Budokwai Taekwondon laadukkaan ja monipuolisen seuratoiminnan perusta  l\u00e4htee junioreista \u2013 &nbsp;Seuramme panostaa juniority\u00f6h\u00f6n niin  harrasteliikunnan kuin kilpaurheilunkin puolesta.&nbsp;Laadukkaan ja  monipuolisen juniority\u00f6n osoituksena Budokwai Taekwondo saavutti Nuoren Suomen sinetin vuonna 2005. <\/p>\n\n\n\n<p>Olemme vuosien aikana pit\u00e4neet kiinni jatkuvasta kehityksest\u00e4 niin m\u00e4\u00e4r\u00e4n, kuin laadunkin osalta. N\u00e4in ovat tehneet my\u00f6s katto-organisaatiot, jotka ovat uudistaneet Sinettiseuratoiminnan T\u00e4htiseuroiksi. T\u00e4htiseurat kattavat arvioinnin juniorien harrastustoiminnan lis\u00e4ksi my\u00f6s aikuisten harrasteliikuntaan sek\u00e4 kilpa- ja huippu-urheiluun.<\/p>\n<\/div>\n\n\n\n<div class=\"wp-block-greenshift-blocks-row-column gspb_row__col--6 gspb_col-id-gsbp-f3014dd\" id=\"gspb_col-id-gsbp-f3014dd\">\n<figure class=\"wp-block-image aligncenter\"><img loading=\"lazy\" decoding=\"async\" width=\"300\" height=\"352\" src=\"http:\/\/www.budokwai.fi\/taekwondo\/wp\/wp-content\/uploads\/2019\/02\/T\u00e4htiseura.png\" alt=\"\" class=\"wp-image-8061\" style=\"object-fit:cover\"\/><\/figure>\n<\/div>\n <\/div><\/div>\n\n\n\n<p>Sunnuntaina 22.4.2018 seuramme junioritoimintaa auditoivat Suomen Taekwondoliiton nuorisovastaava Tiiu Tuomi sek\u00e4 Suomen Sukellusliiton nuorisovastaava Heli Halava.&nbsp; Auditointi toteutettiin vertaisauditointina sukkelluseura Simpun kanssa, mik\u00e4 her\u00e4tti katsomaan toimintaamme my\u00f6s hyvin erilaisesta n\u00e4k\u00f6kulmasta. Auditoinnin p\u00e4\u00e4tteeksi seuramme sai t\u00e4htileiman junioritoimintaan. <strong>Olemme siis Olympiakomitean T\u00e4htiseura lasten ja nuorten toiminnassa! <\/strong><\/p>\n\n\n\n<p>Lis\u00e4tietoja T\u00e4htiseurojen laatuohjelmasta: <\/p>\n\n\n\n<p><a href=\"https:\/\/www.olympiakomitea.fi\/seuratoiminta\/tahtiseurat-seurojen-laatuohjelma\/\">https:\/\/www.olympiakomitea.fi\/seuratoiminta\/tahtiseurat-seurojen-laatuohjelma\/<\/a><\/p>\n\n\n\n<p><\/p>\n","protected":false},"excerpt":{"rendered":"<p>Sunnuntaina 22.4.2018 seuramme junioritoimintaa auditoivat Suomen Taekwondoliiton nuorisovastaava Tiiu Tuomi sek\u00e4 Suomen Sukellusliiton nuorisovastaava Heli Halava.&nbsp; Auditointi toteutettiin vertaisauditointina sukkelluseura Simpun kanssa, mik\u00e4 her\u00e4tti katsomaan toimintaamme my\u00f6s hyvin erilaisesta n\u00e4k\u00f6kulmasta. Auditoinnin p\u00e4\u00e4tteeksi seuramme sai t\u00e4htileiman junioritoimintaan. Olemme siis Olympiakomitean T\u00e4htiseura lasten ja nuorten toiminnassa! Lis\u00e4tietoja T\u00e4htiseurojen laatuohjelmasta: https:\/\/www.olympiakomitea.fi\/seuratoiminta\/tahtiseurat-seurojen-laatuohjelma\/<\/p>\n","protected":false},"author":1,"featured_media":8061,"parent":178,"menu_order":0,"comment_status":"open","ping_status":"open","template":"","meta":{"_gspb_post_css":"#gspb_row-id-gsbp-6e10db7{justify-content:space-between;margin-top:0;margin-bottom:0;display:flex;flex-wrap:wrap}#gspb_row-id-gsbp-6e10db7>.gspb_row__content{display:flex;justify-content:space-between;margin:0 auto;width:100%;flex-wrap:wrap}.gspb_row{position:relative}div[id^=gspb_col-id]{box-sizing:border-box;position:relative;padding:var(--gs-row-column-padding, 15px min(3vw, 20px))}body.gspb-bodyfront #gspb_row-id-gsbp-6e10db7>.gspb_row__content{width:var(--theme-container-width, 1200px);max-width:var(--theme-normal-container-max-width, 1200px)}#gspb_col-id-gsbp-bf3102e.gspb_row__col--6{width:50%}@media (max-width:575.98px){#gspb_col-id-gsbp-bf3102e.gspb_row__col--6{width:100%}}#gspb_col-id-gsbp-f3014dd.gspb_row__col--6{width:50%}@media (max-width:575.98px){#gspb_col-id-gsbp-f3014dd.gspb_row__col--6{width:100%}}#gspb_col-id-gsbp-f3014dd.gspb_row__col--6,#gspb_col-id-gsbp-f3014dd.gspb_row__col--6 .gsap-g-line{text-align:center!important}","footnotes":""},"class_list":["post-7","page","type-page","status-publish","has-post-thumbnail","hentry"],"blocksy_meta":[],"jetpack_shortlink":"https:\/\/wp.me\/P2Mq3v-7","jetpack_sharing_enabled":true,"_links":{"self":[{"href":"https:\/\/www.staging4.budokwai.fi\/taekwondo\/wp-json\/wp\/v2\/pages\/7","targetHints":{"allow":["GET"]}}],"collection":[{"href":"https:\/\/www.staging4.budokwai.fi\/taekwondo\/wp-json\/wp\/v2\/pages"}],"about":[{"href":"https:\/\/www.staging4.budokwai.fi\/taekwondo\/wp-json\/wp\/v2\/types\/page"}],"author":[{"embeddable":true,"href":"https:\/\/www.staging4.budokwai.fi\/taekwondo\/wp-json\/wp\/v2\/users\/1"}],"replies":[{"embeddable":true,"href":"https:\/\/www.staging4.budokwai.fi\/taekwondo\/wp-json\/wp\/v2\/comments?post=7"}],"version-history":[{"count":33,"href":"https:\/\/www.staging4.budokwai.fi\/taekwondo\/wp-json\/wp\/v2\/pages\/7\/revisions"}],"predecessor-version":[{"id":11788,"href":"https:\/\/www.staging4.budokwai.fi\/taekwondo\/wp-json\/wp\/v2\/pages\/7\/revisions\/11788"}],"up":[{"embeddable":true,"href":"https:\/\/www.staging4.budokwai.fi\/taekwondo\/wp-json\/wp\/v2\/pages\/178"}],"wp:featuredmedia":[{"embeddable":true,"href":"https:\/\/www.staging4.budokwai.fi\/taekwondo\/wp-json\/wp\/v2\/media\/8061"}],"wp:attachment":[{"href":"https:\/\/www.staging4.budokwai.fi\/taekwondo\/wp-json\/wp\/v2\/media?parent=7"}],"curies":[{"name":"wp","href":"https:\/\/api.w.org\/{rel}","templated":true}]}}