{"id":8470,"date":"2019-09-18T09:03:56","date_gmt":"2019-09-18T06:03:56","guid":{"rendered":"http:\/\/www.budokwai.fi\/taekwondo\/?page_id=8470"},"modified":"2025-07-07T11:44:54","modified_gmt":"2025-07-07T08:44:54","slug":"rekisteriseloste","status":"publish","type":"page","link":"https:\/\/www.staging4.budokwai.fi\/taekwondo\/seura\/rekisteriseloste\/","title":{"rendered":"Rekisteriseloste"},"content":{"rendered":"\n<p>Budokwai Taekwondo k\u00e4ytt\u00e4\u00e4 harrastajatietojen hallintaan MyClub-j\u00e4rjestelm\u00e4\u00e4.<\/p>\n\n\n\n<p><a target=\"new\" href=\"https:\/\/budokwai-tk.myclub.fi\/flow\/privacy_policy\" rel=\"noopener noreferrer\">Rekisteriseloste (avautuu uuteen ikkunaan)<\/a><\/p>\n","protected":false},"excerpt":{"rendered":"<p>Budokwai Taekwondo k\u00e4ytt\u00e4\u00e4 harrastajatietojen hallintaan MyClub-j\u00e4rjestelm\u00e4\u00e4. Rekisteriseloste (avautuu uuteen ikkunaan)<\/p>\n","protected":false},"author":4,"featured_media":0,"parent":178,"menu_order":0,"comment_status":"closed","ping_status":"closed","template":"","meta":{"_gspb_post_css":"","footnotes":""},"class_list":["post-8470","page","type-page","status-publish","hentry"],"blocksy_meta":[],"jetpack_shortlink":"https:\/\/wp.me\/P2Mq3v-2cC","jetpack_sharing_enabled":true,"_links":{"self":[{"href":"https:\/\/www.staging4.budokwai.fi\/taekwondo\/wp-json\/wp\/v2\/pages\/8470","targetHints":{"allow":["GET"]}}],"collection":[{"href":"https:\/\/www.staging4.budokwai.fi\/taekwondo\/wp-json\/wp\/v2\/pages"}],"about":[{"href":"https:\/\/www.staging4.budokwai.fi\/taekwondo\/wp-json\/wp\/v2\/types\/page"}],"author":[{"embeddable":true,"href":"https:\/\/www.staging4.budokwai.fi\/taekwondo\/wp-json\/wp\/v2\/users\/4"}],"replies":[{"embeddable":true,"href":"https:\/\/www.staging4.budokwai.fi\/taekwondo\/wp-json\/wp\/v2\/comments?post=8470"}],"version-history":[{"count":4,"href":"https:\/\/www.staging4.budokwai.fi\/taekwondo\/wp-json\/wp\/v2\/pages\/8470\/revisions"}],"predecessor-version":[{"id":8476,"href":"https:\/\/www.staging4.budokwai.fi\/taekwondo\/wp-json\/wp\/v2\/pages\/8470\/revisions\/8476"}],"up":[{"embeddable":true,"href":"https:\/\/www.staging4.budokwai.fi\/taekwondo\/wp-json\/wp\/v2\/pages\/178"}],"wp:attachment":[{"href":"https:\/\/www.staging4.budokwai.fi\/taekwondo\/wp-json\/wp\/v2\/media?parent=8470"}],"curies":[{"name":"wp","href":"https:\/\/api.w.org\/{rel}","templated":true}]}}