{"id":9,"date":"2012-08-14T00:16:52","date_gmt":"2012-08-13T21:16:52","guid":{"rendered":"http:\/\/whm09.louhi.net\/~budokwai\/taekwondo\/wp\/?page_id=9"},"modified":"2025-08-17T20:57:52","modified_gmt":"2025-08-17T17:57:52","slug":"harjoitusajat","status":"publish","type":"page","link":"https:\/\/www.staging4.budokwai.fi\/taekwondo\/harjoitusajat\/","title":{"rendered":"Harjoitusajat"},"content":{"rendered":"\n<figure class=\"wp-block-table has-small-font-size\"><table class=\"has-border-color has-palette-color-4-border-color\" style=\"border-width:1px\"><tbody><tr><td><strong>Aika<\/strong><\/td><td><strong>Kentt\u00e4<\/strong><\/td><td><strong>Harjoitus<\/strong><\/td><td><strong>Ohjaaja(t)<\/strong><\/td><\/tr><tr><td><strong>MAANANTAI<\/strong><\/td><td><\/td><td><\/td><td><\/td><\/tr><tr><td>17.00 &#8211; 17.45<\/td><td>1+2<\/td><td><strong>6-11-v. YLEISTREENI <\/strong>(Vihre\u00e4t ja ylemm\u00e4t vy\u00f6t)<\/td><td>Martta, Sami, Aada<\/td><\/tr><tr><td>17.45 &#8211; 18.30<\/td><td>1+2<\/td><td><strong>6-11-v. YLEISTREENI <\/strong>(Valkoiset &#8211; keltaiset vy\u00f6t)<\/td><td>Martta, Sami, Aada<\/td><\/tr><tr><td>18.30 &#8211; 19.30<\/td><td>1<\/td><td><strong>LIIKESARJAT, kilpailjoille<\/strong> (Liikesarjakilpailijat)<\/td><td>Miia, Olli<\/td><\/tr><tr><td>18.30 &#8211; 19.30<\/td><td>2<\/td><td><strong>Yli 12-v. POTKUKOMBINAATIOT \/ HYPPYPOTKUT<\/strong> (Kaikki) <br><strong><mark style=\"background-color:rgba(0, 0, 0, 0);color:#ff6900\" class=\"has-inline-color\">(Vain parittomilla viikoilla)<\/mark><\/strong><\/td><td>Lari<\/td><\/tr><tr><td>19.30 &#8211; 20.45<\/td><td>1<\/td><td><strong>KILPARYHM\u00c4 OTTELU<\/strong> <br><strong>(<mark style=\"background-color:rgba(0, 0, 0, 0);color:#ff6900\" class=\"has-inline-color\">Vain kilparyhm\u00e4n j\u00e4senet<\/mark>)<\/strong><\/td><td>Roosa<\/td><\/tr><tr><td>19.30 &#8211; 20.30<\/td><td>2<\/td><td><strong>Yli 12-v. YLEISTREENI <\/strong>(Siniset ja ylemm\u00e4t vy\u00f6t)<\/td><td>Miia, Olli<\/td><\/tr><tr><td><strong>TIISTAI<\/strong><\/td><td><\/td><td><\/td><td><\/td><\/tr><tr><td>16.00 &#8211; 17.00<\/td><td><mark style=\"background-color:rgba(0, 0, 0, 0);color:#ff6900\" class=\"has-inline-color\"><strong>Uittamon koulu<\/strong><\/mark><\/td><td><strong>6-12-v.<\/strong><\/td><td>Kiira<\/td><\/tr><tr><td>17.00 &#8211; 18.00<\/td><td>1<\/td><td><strong>6-9-v. OTTELU\/YLEISTREENI<\/strong> (Kaikki)<\/td><td>Emil, Julia<\/td><\/tr><tr><td>18.00 &#8211; 19.00<\/td><td>1<\/td><td><strong>Yli 12-v. YLEISTREENI <\/strong>(Valkoiset &#8211; vihre\u00e4t vy\u00f6t)<\/td><td>Antti<\/td><\/tr><tr><td>18.00 &#8211; 19.00<\/td><td>2<\/td><td><strong>9-11-v. YLEISTREENI<\/strong> (Valkoiset &#8211; keltaiset vy\u00f6t)<\/td><td>Paavo, Rafael<\/td><\/tr><tr><td>19.00 &#8211; 20..00<\/td><td>1<\/td><td>POOMSAET TASO-4, kun lupa tasolta 3 (Sipjin &#8211; Ilyeo poomset)<br><mark style=\"background-color:rgba(0, 0, 0, 0);color:#ff6900\" class=\"has-inline-color\"><strong>(Vain parittomilla viikoilla)<\/strong><\/mark><\/td><td>Jari<\/td><\/tr><tr><td>19.00 &#8211; 20.00<\/td><td>1<\/td><td>POOMSAET TASO-2 JA TASO-3, (5-8 JA 9-12 poomset)<br><mark style=\"background-color:rgba(0, 0, 0, 0);color:#ff6900\" class=\"has-inline-color\"><strong>(Vain parillisilla viikoilla)<\/strong><\/mark><\/td><td>Jari<\/td><\/tr><tr><td>19.00 &#8211; 20..00<\/td><td>2<\/td><td><strong>Yli 15-v. KAMPPAILU <\/strong>(Kaikki)<br><mark style=\"background-color:rgba(0, 0, 0, 0);color:#ff6900\" class=\"has-inline-color\"><strong>(Alkaa 2.9,)<\/strong><\/mark><\/td><td>Lauri<\/td><\/tr><tr><td>20.00 &#8211; 21.00<\/td><td>1<\/td><td><strong>DIESEL TREENI<\/strong> (*+30-v. + Kaikki vy\u00f6t)<br><strong><mark style=\"background-color:rgba(0, 0, 0, 0);color:#ff6900\" class=\"has-inline-color\">(Vain parittomilla viikoilla)<\/mark><\/strong><\/td><td>Sami , Jari<\/td><\/tr><tr><td><strong>KESKIVIIKKO<\/strong><\/td><td><\/td><td><\/td><td><\/td><\/tr><tr><td>16.00 &#8211; 17.00<\/td><td><mark style=\"background-color:rgba(0, 0, 0, 0);color:#ff6900\" class=\"has-inline-color\"><strong>W\u00e4ino A:n koulu<\/strong><\/mark><\/td><td><strong>6-12-v.<\/strong><\/td><td>Leo<\/td><\/tr><tr><td>17.15 &#8211; 18.00<\/td><td>1<\/td><td><strong>4-6-v. LIIKKARI<\/strong><\/td><td>Niko<\/td><\/tr><tr><td>18.00 &#8211; 19.00<\/td><td>1<\/td><td><strong>12-15-v. YLEISTREENI <\/strong>(Kaikki vy\u00f6t)<\/td><td>Elmeri<\/td><\/tr><tr><td>18.00 &#8211; 19.00<\/td><td>2<\/td><td><strong>9-11-v. YLEISTREENI<\/strong> (Vihre\u00e4 ja ylemm\u00e4t vy\u00f6t)<\/td><td>Paula, Miika<\/td><\/tr><tr><td>19.00 &#8211; 20.15<\/td><td>1+2<\/td><td><strong>Yli 10-v. OTTELU<\/strong> (Kaikki)<\/td><td>Ahmed, Shahoo, Kari-Matti<\/td><\/tr><tr><td><strong>TORSTAI<\/strong><\/td><td><\/td><td><\/td><td><\/td><\/tr><tr><td>16.00 &#8211; 17.00<\/td><td><mark style=\"background-color:rgba(0, 0, 0, 0);color:#ff6900\" class=\"has-inline-color\"><strong>P\u00e4\u00e4skyvuoren koulu<\/strong><\/mark><\/td><td><strong>6-12-v.<\/strong><\/td><td>Nicolas<\/td><\/tr><tr><td>17.00 &#8211; 18.00<\/td><td>1<\/td><td><strong>10-13-v. OTTELU<\/strong> (Kaikki)<\/td><td>Veeti Va., Veeti Vi.<\/td><\/tr><tr><td>17.00 &#8211; 18.00<\/td><td>2<\/td><td><strong>6-8-v. YLEISTREENI<\/strong> (Kaikki vy\u00f6t)<\/td><td>Sami, Martta, Ewan<\/td><\/tr><tr><td>18.00 &#8211; 19.15<\/td><td>1<\/td><td><strong>KILPARYHM\u00c4 OTTELU<\/strong> <br><strong>(<mark style=\"background-color:rgba(0, 0, 0, 0);color:#ff6900\" class=\"has-inline-color\">Vain kilparyhm\u00e4n j\u00e4senet<\/mark>)<\/strong><\/td><td>Roosa<\/td><\/tr><tr><td>18.00 &#8211; 19.00<\/td><td>2<\/td><td><strong>9-11-v. YLEISTREENI<\/strong> (Kaikki vy\u00f6t)<\/td><td>Martta, Sami<\/td><\/tr><tr><td>19.15 &#8211; 20.15<\/td><td>1<\/td><td><strong>Yli 12-v. YLEISTREENI<\/strong> (Valkoiset &#8211; vihre\u00e4t vy\u00f6t)<\/td><td>Linda<\/td><\/tr><tr><td>19.15 &#8211; 20.15<\/td><td>2<\/td><td><strong>Yli 12-v. YLEISTREENI<\/strong> (Siniset ja ylemm\u00e4t vy\u00f6t)<\/td><td>Jari, Kari-Matti, Iitu<\/td><\/tr><tr><td><strong>PERJANTAI<\/strong><\/td><td><\/td><td><\/td><td><\/td><\/tr><tr><td>17.00 &#8211; 17.45<\/td><td>1<\/td><td><strong>POOMSAET TASO-1<\/strong> (1-4 poomset)<\/td><td>Emil<\/td><\/tr><tr><td>17.00 &#8211; 18.15<\/td><td>2<\/td><td><strong>KILPARYHM\u00c4 OTTELU<\/strong> <br><strong>(<mark style=\"background-color:rgba(0, 0, 0, 0);color:#ff6900\" class=\"has-inline-color\">Vain kilparyhm\u00e4n j\u00e4senet<\/mark>)<\/strong><\/td><td>Roosa<\/td><\/tr><tr><td>17.45 &#8211; 18.30<\/td><td>1<\/td><td><strong>POOMSAET TASO-2, kun lupa tasolta 1<\/strong> (5-8 poomset)<\/td><td>Emil<\/td><\/tr><tr><td>18.30 &#8211; 19.30<\/td><td>2<\/td><td><strong>POOMSAET TASO-3, kun lupa tasolta 2<\/strong> (Koryo-Pyongwon poomset)<\/td><td>Elisa<\/td><\/tr><tr><td><strong>LAUANTAI<\/strong><\/td><td><\/td><td><\/td><td><\/td><\/tr><tr><td>9.30 &#8211; 10.50<\/td><td>1+2<\/td><td><strong>General training for childen<\/strong> (For all, teaching in English)<\/td><td>Elom, Ada<\/td><\/tr><tr><td>11.00 &#8211; 12.30<\/td><td>1+2<\/td><td><strong>YLEISTREENI<\/strong> (Kaikki vy\u00f6t) <br><strong>(<mark style=\"background-color:rgba(0, 0, 0, 0);color:#ff6900\" class=\"has-inline-color\">Vain 20.9. ja 8.11.<\/mark>)<\/strong><\/td><td>Krista<\/td><\/tr><tr><td>13.00 &#8211; 15.30<\/td><td>1+2<\/td><td><strong>DAN-TREENI <\/strong>(Punaiset ja mustat vy\u00f6t)<strong> <\/strong><br><strong>(<mark style=\"background-color:rgba(0, 0, 0, 0);color:#ff6900\" class=\"has-inline-color\">Vain 20.9. ja 8.11.<\/mark>)<\/strong><\/td><td>Krista<\/td><\/tr><tr><td>11.00 &#8211; 12.30<\/td><td>1+2<\/td><td><strong>OTTELU Aloittelijat <\/strong>(Ik\u00e4raja 10v) <br><strong>(<mark style=\"background-color:rgba(0, 0, 0, 0);color:#ff6900\" class=\"has-inline-color\">Vain 6.9., 4.10. ja 22.11.<\/mark>)<\/strong><\/td><td>Kari-Matti, Iitu<\/td><\/tr><tr><td>12.30 &#8211; 14.00<\/td><td>1+2<\/td><td><strong>OTTELU Kokeneet <\/strong>(Ik\u00e4raja 10v)<br><strong>(<mark style=\"background-color:rgba(0, 0, 0, 0);color:#ff6900\" class=\"has-inline-color\">Vain 23.8, 27.9, 18.10 ja 29.11.<\/mark>)<\/strong><\/td><td>Kari-Matti, Iitu<\/td><\/tr><tr><td>12.00 &#8211; 15.00<\/td><td>1+2<\/td><td><strong>Yli 13-v. ITSEPUOLUSTUS<\/strong> (Kaikki vy\u00f6t) <br><strong><mark style=\"background-color:rgba(0, 0, 0, 0);color:#ff6900\" class=\"has-inline-color\">(Vain 23.8, 27.9, 18.10 ja 29.11)<\/mark><\/strong><\/td><td>Marko<\/td><\/tr><tr><td>12.00 &#8211; 13.15<\/td><td>1+2<\/td><td><strong>Yli 10-v. MURSKAUS<\/strong> (V\u00e4h\u00e4n murskanneet) <br><strong>(<mark style=\"background-color:rgba(0, 0, 0, 0);color:#ff6900\" class=\"has-inline-color\">Vain 30.8, 14.9. (sunnuntai!), 25.10. ja 15.11.<\/mark>)<\/strong><\/td><td>Jari<\/td><\/tr><tr><td>13.45 &#8211; 15.00<\/td><td>1+2<\/td><td><strong>Yli 10-v. MURSKAUS<\/strong> (Kokeneet murkaajat) <br><strong>(<mark style=\"background-color:rgba(0, 0, 0, 0);color:#ff6900\" class=\"has-inline-color\">Vain 30.8, 14.9. (sunnuntai!), 25.10. ja 15.11.<\/mark>)<\/strong><\/td><td>Jari<\/td><\/tr><tr><td><strong>SUNNUNTAI<\/strong><\/td><td><\/td><td><\/td><td><\/td><\/tr><tr><td>11.30 &#8211; 12.30<\/td><td><mark style=\"background-color:rgba(0, 0, 0, 0);color:#ff6900\" class=\"has-inline-color\"><strong>Pansion koulu<\/strong><\/mark><\/td><td><strong>6-12-v.<\/strong><\/td><td>Iitu<\/td><\/tr><tr><td>13.00 &#8211; 14.00<\/td><td><mark style=\"background-color:rgba(0, 0, 0, 0);color:#ff6900\" class=\"has-inline-color\"><strong>Aunelan koulu<\/strong><\/mark><\/td><td><strong>6-12-v.<\/strong><\/td><td>Iitu<\/td><\/tr><tr><td>15.00 &#8211; 16.00<\/td><td><mark style=\"background-color:rgba(0, 0, 0, 0);color:#ff6900\" class=\"has-inline-color\"><strong>P\u00e4\u00e4skyvuoren koulu<\/strong><\/mark><\/td><td><strong>6-12-v.<\/strong><\/td><td>Iitu<\/td><\/tr><tr><td>16.30 &#8211; 17.30<\/td><td><mark style=\"background-color:rgba(0, 0, 0, 0);color:#ff6900\" class=\"has-inline-color\"><strong>Lyseon koulu<br>(Pallivahan yksikk\u00f6)<\/strong><\/mark><\/td><td><strong>6-12-v.<\/strong><\/td><td>Emil<\/td><\/tr><tr><td>15.00 &#8211; 15.45<\/td><td>1+2<\/td><td><strong>1-6-v. PERHERYHM\u00c4<\/strong> (Lapsi + huoltaja)<\/td><td>Tanja,Niko, Nicolas,Elina<\/td><\/tr><tr><td>16.00 &#8211; 17.00<\/td><td>1+2<\/td><td><strong>Yli 12-v. ITSEPUOLUSTUS<\/strong> (Kaikki) <br><strong>(<mark style=\"background-color:rgba(0, 0, 0, 0);color:#ff6900\" class=\"has-inline-color\">Vain parittomat viikot. Alkaa 31.8.<\/mark>)<\/strong><\/td><td>Tom<\/td><\/tr><tr><td>16.00 &#8211; 17.00<\/td><td>1+2<\/td><td><strong>LIIKESARJAT ALOITTELIJOILLE<\/strong> (Kaikki) <br><strong>(<mark style=\"background-color:rgba(0, 0, 0, 0);color:#ff6900\" class=\"has-inline-color\">Vain parillisina viikkoina<\/mark>)<\/strong><\/td><td>Martta, Kiira<\/td><\/tr><tr><td>17.15- 18.30<\/td><td>1+2<\/td><td><strong>Yli 12-v. AKROBATIA JA TRIKKAUS<\/strong> (Kaikki)<\/td><td>Arto, Ahmed<\/td><\/tr><tr><td>18.30 &#8211; 19.15<\/td><td>1+2<\/td><td><strong>KEHONHUOLTO<\/strong> (Kaikki)<\/td><td>Pia<\/td><\/tr><\/tbody><\/table><\/figure>\n\n\n\n<h5 id=\"gspb_heading-id-gsbp-7a03a19\" class=\"gspb_heading gspb_heading-id-gsbp-7a03a19 \">MyClub -kalenteri ja -ilmoittautumiset<\/h5>\n\n\n\n<!-- myClub embed JS - start -->\n<div class=\"myclub-embed\" data-url=\"https:\/\/budokwai-tk.myclub.fi\/event_embeds\/34502?token=2a2d457ab63184f350f2d08bff012b351c85ae6d\"><\/div>\n<script>(function(d, s, id) { var js, mjs = d.getElementsByTagName(s)[0]; if (d.getElementById(id)) return; js = d.createElement(s); js.id = id; js.async = true; js.src = \"https:\/\/d2ubdm6yoox6gh.cloudfront.net\/assets\/myclub-embed.js\"; mjs.parentNode.insertBefore(js, mjs); }(document, 'script', 'myclub-embed-js'));<\/script>\n<!-- myClub embed JS - end -->\n\n\n\n<p><\/p>\n","protected":false},"excerpt":{"rendered":"<p>Aika Kentt\u00e4 Harjoitus Ohjaaja(t) MAANANTAI 17.00 &#8211; 17.45 1+2 6-11-v. YLEISTREENI (Vihre\u00e4t ja ylemm\u00e4t vy\u00f6t) Martta, Sami, Aada 17.45 &#8211; 18.30 1+2 6-11-v. YLEISTREENI (Valkoiset &#8211; keltaiset vy\u00f6t) Martta, Sami, Aada 18.30 &#8211; 19.30 1 LIIKESARJAT, kilpailjoille (Liikesarjakilpailijat) Miia, Olli 18.30 &#8211; 19.30 2 Yli 12-v. POTKUKOMBINAATIOT \/ HYPPYPOTKUT (Kaikki) (Vain parittomilla viikoilla) Lari 19.30 [&hellip;]<\/p>\n","protected":false},"author":1,"featured_media":0,"parent":0,"menu_order":0,"comment_status":"open","ping_status":"open","template":"","meta":{"_gspb_post_css":"#gspb_heading-id-gsbp-7a03a19{margin-bottom:0}","footnotes":""},"class_list":["post-9","page","type-page","status-publish","hentry"],"blocksy_meta":[],"jetpack_shortlink":"https:\/\/wp.me\/P2Mq3v-9","jetpack_sharing_enabled":true,"_links":{"self":[{"href":"https:\/\/www.staging4.budokwai.fi\/taekwondo\/wp-json\/wp\/v2\/pages\/9","targetHints":{"allow":["GET"]}}],"collection":[{"href":"https:\/\/www.staging4.budokwai.fi\/taekwondo\/wp-json\/wp\/v2\/pages"}],"about":[{"href":"https:\/\/www.staging4.budokwai.fi\/taekwondo\/wp-json\/wp\/v2\/types\/page"}],"author":[{"embeddable":true,"href":"https:\/\/www.staging4.budokwai.fi\/taekwondo\/wp-json\/wp\/v2\/users\/1"}],"replies":[{"embeddable":true,"href":"https:\/\/www.staging4.budokwai.fi\/taekwondo\/wp-json\/wp\/v2\/comments?post=9"}],"version-history":[{"count":158,"href":"https:\/\/www.staging4.budokwai.fi\/taekwondo\/wp-json\/wp\/v2\/pages\/9\/revisions"}],"predecessor-version":[{"id":11829,"href":"https:\/\/www.staging4.budokwai.fi\/taekwondo\/wp-json\/wp\/v2\/pages\/9\/revisions\/11829"}],"wp:attachment":[{"href":"https:\/\/www.staging4.budokwai.fi\/taekwondo\/wp-json\/wp\/v2\/media?parent=9"}],"curies":[{"name":"wp","href":"https:\/\/api.w.org\/{rel}","templated":true}]}}